{"id":4013,"date":"2024-03-21T10:03:42","date_gmt":"2024-03-21T10:03:42","guid":{"rendered":"https:\/\/vektor.themepul.com\/?page_id=4013"},"modified":"2026-03-14T22:38:53","modified_gmt":"2026-03-14T22:38:53","slug":"business-loans","status":"publish","type":"page","link":"https:\/\/investlicenses.org\/fr\/services\/business-loans\/","title":{"rendered":"Les Pr\u00eats Aux Entreprises"},"content":{"rendered":"<div data-elementor-type=\"wp-page\" data-elementor-id=\"4013\" class=\"elementor elementor-4013\">\n\t\t\t\t<div class=\"elementor-element elementor-element-598b92f e-flex e-con-boxed topppa-sticky-section-no e-con e-parent\" data-id=\"598b92f\" data-element_type=\"container\" data-e-type=\"container\">\n\t\t\t\t\t<div class=\"e-con-inner\">\n\t\t<div class=\"elementor-element elementor-element-ee9c6b4 e-con-full e-flex topppa-sticky-section-no e-con e-child\" data-id=\"ee9c6b4\" data-element_type=\"container\" data-e-type=\"container\">\n\t\t\t\t<\/div>\n\t\t<div class=\"elementor-element elementor-element-b77f193 e-con-full e-flex topppa-sticky-section-no e-con e-child\" data-id=\"b77f193\" data-element_type=\"container\" data-e-type=\"container\">\n\t\t\t\t<div class=\"elementor-element elementor-element-444cabf elementor-widget elementor-widget-image\" data-id=\"444cabf\" data-element_type=\"widget\" data-e-type=\"widget\" data-widget_type=\"image.default\">\n\t\t\t\t\t\t\t\t\t\t\t\t\t\t\t<img fetchpriority=\"high\" decoding=\"async\" width=\"1024\" height=\"453\" src=\"https:\/\/investlicenses.org\/wp-content\/uploads\/2026\/03\/Untitled-design-43-1024x453.png\" class=\"attachment-large size-large wp-image-6963\" alt=\"\" srcset=\"https:\/\/investlicenses.org\/wp-content\/uploads\/2026\/03\/Untitled-design-43-1024x453.png 1024w, https:\/\/investlicenses.org\/wp-content\/uploads\/2026\/03\/Untitled-design-43-300x133.png 300w, https:\/\/investlicenses.org\/wp-content\/uploads\/2026\/03\/Untitled-design-43-768x340.png 768w, https:\/\/investlicenses.org\/wp-content\/uploads\/2026\/03\/Untitled-design-43-1536x680.png 1536w, https:\/\/investlicenses.org\/wp-content\/uploads\/2026\/03\/Untitled-design-43.png 1600w\" sizes=\"(max-width: 1024px) 100vw, 1024px\" \/>\t\t\t\t\t\t\t\t\t\t\t\t\t\t\t<\/div>\n\t\t\t\t<\/div>\n\t\t<div class=\"elementor-element elementor-element-9a73f1b e-con-full e-flex topppa-sticky-section-no e-con e-child\" data-id=\"9a73f1b\" data-element_type=\"container\" data-e-type=\"container\">\n\t\t\t\t<\/div>\n\t\t\t\t\t<\/div>\n\t\t\t\t<\/div>\n\t\t\t\t<section class=\"elementor-section elementor-top-section elementor-element elementor-element-af0ffa8 elementor-section-stretched elementor-section-boxed elementor-section-height-default elementor-section-height-default topppa-sticky-section-no\" data-id=\"af0ffa8\" data-element_type=\"section\" data-e-type=\"section\" data-settings=\"{&quot;stretch_section&quot;:&quot;section-stretched&quot;}\">\n\t\t\t\t\t\t<div class=\"elementor-container elementor-column-gap-default\">\n\t\t\t\t\t<div class=\"elementor-column elementor-col-100 elementor-top-column elementor-element elementor-element-fdec798\" data-id=\"fdec798\" data-element_type=\"column\" data-e-type=\"column\">\n\t\t\t<div class=\"elementor-widget-wrap elementor-element-populated\">\n\t\t\t\t\t\t<div class=\"elementor-element elementor-element-e5b8d2b elementor-widget elementor-widget-heading\" data-id=\"e5b8d2b\" data-element_type=\"widget\" data-e-type=\"widget\" data-widget_type=\"heading.default\">\n\t\t\t\t\t<h2 class=\"elementor-heading-title elementor-size-default\">Les pr\u00eats aux entreprises<\/h2>\t\t\t\t<\/div>\n\t\t\t\t<div class=\"elementor-element elementor-element-89825be elementor-widget elementor-widget-text-editor\" data-id=\"89825be\" data-element_type=\"widget\" data-e-type=\"widget\" data-widget_type=\"text-editor.default\">\n\t\t\t\t\t\t\t\t\t<p style=\"text-align: center;\"><span style=\"color: #000000;\">Nous aidons les entreprises et les entrepreneurs \u00e0 obtenir le droit de financement pour d\u00e9velopper leurs activit\u00e9s par le biais de pr\u00eats aux entreprises, des services qui procurent des solutions de financement flexibles pour soutenir des projets commerciaux.<\/span><\/p>\t\t\t\t\t\t\t\t<\/div>\n\t\t\t\t<div class=\"elementor-element elementor-element-7949bfb elementor-widget elementor-widget-vektor_faq\" data-id=\"7949bfb\" data-element_type=\"widget\" data-e-type=\"widget\" data-widget_type=\"vektor_faq.default\">\n\t\t\t\t<div class=\"elementor-widget-container\">\n\t\t\t\t\t        <div class=\"vektor-accordion-wrapper\">\r\n            <div class=\"container\">\r\n                <div class=\"accordion faq-accordion\" id=\"vektor-faq\">\r\n                                            <div class=\"accordion-item\">\r\n                            <div class=\"accordion-header\" id=\"faq1\">\r\n                                <button class=\"accordion-button active\" type=\"button\" data-bs-toggle=\"collapse\" data-bs-target=\"#vektor-faq-item-23671\" aria-expanded=\"false\" aria-controls=\"vektor-faq-item-23671\">\r\n\r\n                                    <div class=\"title-content\">\r\n                                        Ce que nous offrons                                    <\/div>\r\n\r\n                                    <div class=\"faq-arrow\">\r\n                                        <i class=\"fas fa-chevron-up\"><\/i>\r\n                                    <\/div>\r\n                                <\/button>\r\n                            <\/div>\r\n                            <div id=\"vektor-faq-item-23671\" class=\"accordion-collapse show collapsed\" type=\"button\" data-bs-toggle=\"collapse\" data-bs-target=\"#vektor-faq-item-23671\" aria-labelledby=\"faq1\" data-bs-parent=\"#vektor-faq\">\r\n                                <div class=\"accordion-body\"><p style=\"text-align: center\"><span style=\"color: #000000\">La s\u00e9curisation du financement des projets.<\/span><\/p><p style=\"text-align: center\"><span style=\"color: #000000\">La pr\u00e9paration des demandes de pr\u00eat.<\/span><\/p><p style=\"text-align: center\"><span style=\"color: #000000\">La n\u00e9gociation avec les entit\u00e9s de financement.<\/span><\/p><p style=\"text-align: center\"><span style=\"color: #000000\">L'\u00e9valuation de la viabilit\u00e9 financi\u00e8re du projet.<\/span><\/p><p style=\"text-align: center\"><span style=\"color: #000000\">Le financement du commerce de la consultation.<\/span><\/p><\/div>\r\n                            <\/div>\r\n                        <\/div>\r\n                                            <div class=\"accordion-item\">\r\n                            <div class=\"accordion-header\" id=\"faq2\">\r\n                                <button class=\"accordion-button collapsed\" type=\"button\" data-bs-toggle=\"collapse\" data-bs-target=\"#vektor-faq-item-23672\" aria-expanded=\"false\" aria-controls=\"vektor-faq-item-23672\">\r\n\r\n                                    <div class=\"title-content\">\r\n                                        Avantage pour le client                                    <\/div>\r\n\r\n                                    <div class=\"faq-arrow\">\r\n                                        <i class=\"fas fa-chevron-up\"><\/i>\r\n                                    <\/div>\r\n                                <\/button>\r\n                            <\/div>\r\n                            <div id=\"vektor-faq-item-23672\" class=\"accordion-collapse collapse\" type=\"button\" data-bs-toggle=\"collapse\" data-bs-target=\"#vektor-faq-item-23672\" aria-labelledby=\"faq2\" data-bs-parent=\"#vektor-faq\">\r\n                                <div class=\"accordion-body\"><p style=\"text-align: center\">Obtenir le financement n\u00e9cessaire \u00e0 l'expansion de l'entreprise et de r\u00e9aliser la croissance commerciale<\/p><\/div>\r\n                            <\/div>\r\n                        <\/div>\r\n                                    <\/div>\r\n            <\/div>\r\n        <\/div>\r\n\t\t\t\t<\/div>\n\t\t\t\t<\/div>\n\t\t\t\t\t<\/div>\n\t\t<\/div>\n\t\t\t\t\t<\/div>\n\t\t<\/section>\n\t\t\t\t<\/div>","protected":false},"excerpt":{"rendered":"<p>Business loans We help businesses and entrepreneurs obtain the right financing to develop their businesses through business loan services that provide flexible financing solutions to support commercial projects. What we offer Securing project financing. Preparing loan applications. Negotiating with financing entities. Assessing the project&#8217;s financial viability. Trade finance consulting. Benefit to the customer Obtaining the [&hellip;]<\/p>\n","protected":false},"author":2,"featured_media":0,"parent":3925,"menu_order":0,"comment_status":"closed","ping_status":"closed","template":"","meta":{"footnotes":""},"class_list":["post-4013","page","type-page","status-publish","hentry"],"yoast_head":"<!-- This site is optimized with the Yoast SEO plugin v27.3 - https:\/\/yoast.com\/product\/yoast-seo-wordpress\/ -->\n<title>Business Loans - International Investment License Department<\/title>\n<meta name=\"robots\" content=\"index, follow, max-snippet:-1, max-image-preview:large, max-video-preview:-1\" \/>\n<link rel=\"canonical\" href=\"https:\/\/investlicenses.org\/fr\/services\/business-loans\/\" \/>\n<meta property=\"og:locale\" content=\"fr_FR\" \/>\n<meta property=\"og:type\" content=\"article\" \/>\n<meta property=\"og:title\" content=\"Business Loans - International Investment License Department\" \/>\n<meta property=\"og:description\" content=\"Business loans We help businesses and entrepreneurs obtain the right financing to develop their businesses through business loan services that provide flexible financing solutions to support commercial projects. What we offer Securing project financing. Preparing loan applications. Negotiating with financing entities. Assessing the project&#8217;s financial viability. Trade finance consulting. Benefit to the customer Obtaining the [&hellip;]\" \/>\n<meta property=\"og:url\" content=\"https:\/\/investlicenses.org\/fr\/services\/business-loans\/\" \/>\n<meta property=\"og:site_name\" content=\"International Investment License Department\" \/>\n<meta property=\"article:modified_time\" content=\"2026-03-14T22:38:53+00:00\" \/>\n<meta property=\"og:image\" content=\"https:\/\/investlicenses.org\/wp-content\/uploads\/2026\/03\/Untitled-design-43.png\" \/>\n\t<meta property=\"og:image:width\" content=\"1600\" \/>\n\t<meta property=\"og:image:height\" content=\"708\" \/>\n\t<meta property=\"og:image:type\" content=\"image\/png\" \/>\n<meta name=\"twitter:card\" content=\"summary_large_image\" \/>\n<script type=\"application\/ld+json\" class=\"yoast-schema-graph\">{\"@context\":\"https:\\\/\\\/schema.org\",\"@graph\":[{\"@type\":\"WebPage\",\"@id\":\"https:\\\/\\\/investlicenses.org\\\/services\\\/business-loans\\\/\",\"url\":\"https:\\\/\\\/investlicenses.org\\\/services\\\/business-loans\\\/\",\"name\":\"Business Loans - International Investment License Department\",\"isPartOf\":{\"@id\":\"https:\\\/\\\/investlicenses.org\\\/#website\"},\"primaryImageOfPage\":{\"@id\":\"https:\\\/\\\/investlicenses.org\\\/services\\\/business-loans\\\/#primaryimage\"},\"image\":{\"@id\":\"https:\\\/\\\/investlicenses.org\\\/services\\\/business-loans\\\/#primaryimage\"},\"thumbnailUrl\":\"https:\\\/\\\/investlicenses.org\\\/wp-content\\\/uploads\\\/2026\\\/03\\\/Untitled-design-43-1024x453.png\",\"datePublished\":\"2024-03-21T10:03:42+00:00\",\"dateModified\":\"2026-03-14T22:38:53+00:00\",\"breadcrumb\":{\"@id\":\"https:\\\/\\\/investlicenses.org\\\/services\\\/business-loans\\\/#breadcrumb\"},\"inLanguage\":\"fr-FR\",\"potentialAction\":[{\"@type\":\"ReadAction\",\"target\":[\"https:\\\/\\\/investlicenses.org\\\/services\\\/business-loans\\\/\"]}]},{\"@type\":\"ImageObject\",\"inLanguage\":\"fr-FR\",\"@id\":\"https:\\\/\\\/investlicenses.org\\\/services\\\/business-loans\\\/#primaryimage\",\"url\":\"https:\\\/\\\/investlicenses.org\\\/wp-content\\\/uploads\\\/2026\\\/03\\\/Untitled-design-43-1024x453.png\",\"contentUrl\":\"https:\\\/\\\/investlicenses.org\\\/wp-content\\\/uploads\\\/2026\\\/03\\\/Untitled-design-43-1024x453.png\"},{\"@type\":\"BreadcrumbList\",\"@id\":\"https:\\\/\\\/investlicenses.org\\\/services\\\/business-loans\\\/#breadcrumb\",\"itemListElement\":[{\"@type\":\"ListItem\",\"position\":1,\"name\":\"Home\",\"item\":\"https:\\\/\\\/investlicenses.org\\\/\"},{\"@type\":\"ListItem\",\"position\":2,\"name\":\"Services\",\"item\":\"https:\\\/\\\/investlicenses.org\\\/services\\\/\"},{\"@type\":\"ListItem\",\"position\":3,\"name\":\"Business Loans\"}]},{\"@type\":\"WebSite\",\"@id\":\"https:\\\/\\\/investlicenses.org\\\/#website\",\"url\":\"https:\\\/\\\/investlicenses.org\\\/\",\"name\":\"International Investment License Department\",\"description\":\"Financial and investment services for individuals and companies\",\"publisher\":{\"@id\":\"https:\\\/\\\/investlicenses.org\\\/#organization\"},\"potentialAction\":[{\"@type\":\"SearchAction\",\"target\":{\"@type\":\"EntryPoint\",\"urlTemplate\":\"https:\\\/\\\/investlicenses.org\\\/?s={search_term_string}\"},\"query-input\":{\"@type\":\"PropertyValueSpecification\",\"valueRequired\":true,\"valueName\":\"search_term_string\"}}],\"inLanguage\":\"fr-FR\"},{\"@type\":\"Organization\",\"@id\":\"https:\\\/\\\/investlicenses.org\\\/#organization\",\"name\":\"International Investment License Department\",\"url\":\"https:\\\/\\\/investlicenses.org\\\/\",\"logo\":{\"@type\":\"ImageObject\",\"inLanguage\":\"fr-FR\",\"@id\":\"https:\\\/\\\/investlicenses.org\\\/#\\\/schema\\\/logo\\\/image\\\/\",\"url\":\"https:\\\/\\\/investlicenses.org\\\/wp-content\\\/uploads\\\/2024\\\/02\\\/cropped-Your-paragraph-text-7.png\",\"contentUrl\":\"https:\\\/\\\/investlicenses.org\\\/wp-content\\\/uploads\\\/2024\\\/02\\\/cropped-Your-paragraph-text-7.png\",\"width\":225,\"height\":58,\"caption\":\"International Investment License Department\"},\"image\":{\"@id\":\"https:\\\/\\\/investlicenses.org\\\/#\\\/schema\\\/logo\\\/image\\\/\"}}]}<\/script>\n<!-- \/ Yoast SEO plugin. -->","yoast_head_json":{"title":"Business Loans - International Investment License Department","robots":{"index":"index","follow":"follow","max-snippet":"max-snippet:-1","max-image-preview":"max-image-preview:large","max-video-preview":"max-video-preview:-1"},"canonical":"https:\/\/investlicenses.org\/fr\/services\/business-loans\/","og_locale":"fr_FR","og_type":"article","og_title":"Business Loans - International Investment License Department","og_description":"Business loans We help businesses and entrepreneurs obtain the right financing to develop their businesses through business loan services that provide flexible financing solutions to support commercial projects. What we offer Securing project financing. Preparing loan applications. Negotiating with financing entities. Assessing the project&#8217;s financial viability. Trade finance consulting. Benefit to the customer Obtaining the [&hellip;]","og_url":"https:\/\/investlicenses.org\/fr\/services\/business-loans\/","og_site_name":"International Investment License Department","article_modified_time":"2026-03-14T22:38:53+00:00","og_image":[{"width":1600,"height":708,"url":"https:\/\/investlicenses.org\/wp-content\/uploads\/2026\/03\/Untitled-design-43.png","type":"image\/png"}],"twitter_card":"summary_large_image","schema":{"@context":"https:\/\/schema.org","@graph":[{"@type":"WebPage","@id":"https:\/\/investlicenses.org\/services\/business-loans\/","url":"https:\/\/investlicenses.org\/services\/business-loans\/","name":"Business Loans - International Investment License Department","isPartOf":{"@id":"https:\/\/investlicenses.org\/#website"},"primaryImageOfPage":{"@id":"https:\/\/investlicenses.org\/services\/business-loans\/#primaryimage"},"image":{"@id":"https:\/\/investlicenses.org\/services\/business-loans\/#primaryimage"},"thumbnailUrl":"https:\/\/investlicenses.org\/wp-content\/uploads\/2026\/03\/Untitled-design-43-1024x453.png","datePublished":"2024-03-21T10:03:42+00:00","dateModified":"2026-03-14T22:38:53+00:00","breadcrumb":{"@id":"https:\/\/investlicenses.org\/services\/business-loans\/#breadcrumb"},"inLanguage":"fr-FR","potentialAction":[{"@type":"ReadAction","target":["https:\/\/investlicenses.org\/services\/business-loans\/"]}]},{"@type":"ImageObject","inLanguage":"fr-FR","@id":"https:\/\/investlicenses.org\/services\/business-loans\/#primaryimage","url":"https:\/\/investlicenses.org\/wp-content\/uploads\/2026\/03\/Untitled-design-43-1024x453.png","contentUrl":"https:\/\/investlicenses.org\/wp-content\/uploads\/2026\/03\/Untitled-design-43-1024x453.png"},{"@type":"BreadcrumbList","@id":"https:\/\/investlicenses.org\/services\/business-loans\/#breadcrumb","itemListElement":[{"@type":"ListItem","position":1,"name":"Home","item":"https:\/\/investlicenses.org\/"},{"@type":"ListItem","position":2,"name":"Services","item":"https:\/\/investlicenses.org\/services\/"},{"@type":"ListItem","position":3,"name":"Business Loans"}]},{"@type":"WebSite","@id":"https:\/\/investlicenses.org\/#website","url":"https:\/\/investlicenses.org\/","name":"L'Investissement International Licence D\u00e9partement","description":"Financial and investment services for individuals and companies","publisher":{"@id":"https:\/\/investlicenses.org\/#organization"},"potentialAction":[{"@type":"SearchAction","target":{"@type":"EntryPoint","urlTemplate":"https:\/\/investlicenses.org\/?s={search_term_string}"},"query-input":{"@type":"PropertyValueSpecification","valueRequired":true,"valueName":"search_term_string"}}],"inLanguage":"fr-FR"},{"@type":"Organization","@id":"https:\/\/investlicenses.org\/#organization","name":"L'Investissement International Licence D\u00e9partement","url":"https:\/\/investlicenses.org\/","logo":{"@type":"ImageObject","inLanguage":"fr-FR","@id":"https:\/\/investlicenses.org\/#\/schema\/logo\/image\/","url":"https:\/\/investlicenses.org\/wp-content\/uploads\/2024\/02\/cropped-Your-paragraph-text-7.png","contentUrl":"https:\/\/investlicenses.org\/wp-content\/uploads\/2024\/02\/cropped-Your-paragraph-text-7.png","width":225,"height":58,"caption":"International Investment License Department"},"image":{"@id":"https:\/\/investlicenses.org\/#\/schema\/logo\/image\/"}}]}},"_links":{"self":[{"href":"https:\/\/investlicenses.org\/fr\/wp-json\/wp\/v2\/pages\/4013","targetHints":{"allow":["GET"]}}],"collection":[{"href":"https:\/\/investlicenses.org\/fr\/wp-json\/wp\/v2\/pages"}],"about":[{"href":"https:\/\/investlicenses.org\/fr\/wp-json\/wp\/v2\/types\/page"}],"author":[{"embeddable":true,"href":"https:\/\/investlicenses.org\/fr\/wp-json\/wp\/v2\/users\/2"}],"replies":[{"embeddable":true,"href":"https:\/\/investlicenses.org\/fr\/wp-json\/wp\/v2\/comments?post=4013"}],"version-history":[{"count":21,"href":"https:\/\/investlicenses.org\/fr\/wp-json\/wp\/v2\/pages\/4013\/revisions"}],"predecessor-version":[{"id":7004,"href":"https:\/\/investlicenses.org\/fr\/wp-json\/wp\/v2\/pages\/4013\/revisions\/7004"}],"up":[{"embeddable":true,"href":"https:\/\/investlicenses.org\/fr\/wp-json\/wp\/v2\/pages\/3925"}],"wp:attachment":[{"href":"https:\/\/investlicenses.org\/fr\/wp-json\/wp\/v2\/media?parent=4013"}],"curies":[{"name":"wp","href":"https:\/\/api.w.org\/{rel}","templated":true}]}}