{"id":4011,"date":"2024-03-21T10:03:27","date_gmt":"2024-03-21T10:03:27","guid":{"rendered":"https:\/\/vektor.themepul.com\/?page_id=4011"},"modified":"2026-03-14T18:25:12","modified_gmt":"2026-03-14T18:25:12","slug":"business-analysis","status":"publish","type":"page","link":"https:\/\/investlicenses.org\/fr\/services\/business-analysis\/","title":{"rendered":"L'Analyse D'Affaires"},"content":{"rendered":"<div data-elementor-type=\"wp-page\" data-elementor-id=\"4011\" class=\"elementor elementor-4011\">\n\t\t\t\t<div class=\"elementor-element elementor-element-117e955 e-flex e-con-boxed topppa-sticky-section-no e-con e-parent\" data-id=\"117e955\" data-element_type=\"container\" data-e-type=\"container\">\n\t\t\t\t\t<div class=\"e-con-inner\">\n\t\t<div class=\"elementor-element elementor-element-7525781 e-con-full e-flex topppa-sticky-section-no e-con e-child\" data-id=\"7525781\" data-element_type=\"container\" data-e-type=\"container\">\n\t\t\t\t<\/div>\n\t\t<div class=\"elementor-element elementor-element-e33cd10 e-con-full e-flex topppa-sticky-section-no e-con e-child\" data-id=\"e33cd10\" data-element_type=\"container\" data-e-type=\"container\">\n\t\t\t\t<div class=\"elementor-element elementor-element-4ab3283 elementor-widget elementor-widget-image\" data-id=\"4ab3283\" data-element_type=\"widget\" data-e-type=\"widget\" data-widget_type=\"image.default\">\n\t\t\t\t\t\t\t\t\t\t\t\t\t\t\t<img fetchpriority=\"high\" decoding=\"async\" width=\"1024\" height=\"453\" src=\"https:\/\/investlicenses.org\/wp-content\/uploads\/2026\/03\/Untitled-design-42-1024x453.png\" class=\"attachment-large size-large wp-image-6957\" alt=\"\" srcset=\"https:\/\/investlicenses.org\/wp-content\/uploads\/2026\/03\/Untitled-design-42-1024x453.png 1024w, https:\/\/investlicenses.org\/wp-content\/uploads\/2026\/03\/Untitled-design-42-300x133.png 300w, https:\/\/investlicenses.org\/wp-content\/uploads\/2026\/03\/Untitled-design-42-768x340.png 768w, https:\/\/investlicenses.org\/wp-content\/uploads\/2026\/03\/Untitled-design-42-1536x680.png 1536w, https:\/\/investlicenses.org\/wp-content\/uploads\/2026\/03\/Untitled-design-42.png 1600w\" sizes=\"(max-width: 1024px) 100vw, 1024px\" \/>\t\t\t\t\t\t\t\t\t\t\t\t\t\t\t<\/div>\n\t\t\t\t<\/div>\n\t\t<div class=\"elementor-element elementor-element-92d9e25 e-con-full e-flex topppa-sticky-section-no e-con e-child\" data-id=\"92d9e25\" data-element_type=\"container\" data-e-type=\"container\">\n\t\t\t\t<\/div>\n\t\t\t\t\t<\/div>\n\t\t\t\t<\/div>\n\t\t\t\t<section class=\"elementor-section elementor-top-section elementor-element elementor-element-af0ffa8 elementor-section-stretched elementor-section-boxed elementor-section-height-default elementor-section-height-default topppa-sticky-section-no\" data-id=\"af0ffa8\" data-element_type=\"section\" data-e-type=\"section\" data-settings=\"{&quot;stretch_section&quot;:&quot;section-stretched&quot;}\">\n\t\t\t\t\t\t<div class=\"elementor-container elementor-column-gap-default\">\n\t\t\t\t\t<div class=\"elementor-column elementor-col-100 elementor-top-column elementor-element elementor-element-fdec798\" data-id=\"fdec798\" data-element_type=\"column\" data-e-type=\"column\">\n\t\t\t<div class=\"elementor-widget-wrap elementor-element-populated\">\n\t\t\t\t\t\t<div class=\"elementor-element elementor-element-e5b8d2b elementor-widget elementor-widget-heading\" data-id=\"e5b8d2b\" data-element_type=\"widget\" data-e-type=\"widget\" data-widget_type=\"heading.default\">\n\t\t\t\t\t<h2 class=\"elementor-heading-title elementor-size-default\">L'analyse d'affaires<\/h2>\t\t\t\t<\/div>\n\t\t\t\t<div class=\"elementor-element elementor-element-89825be elementor-widget elementor-widget-text-editor\" data-id=\"89825be\" data-element_type=\"widget\" data-e-type=\"widget\" data-widget_type=\"text-editor.default\">\n\t\t\t\t\t\t\t\t\t<p style=\"text-align: center;\"><span style=\"color: #000000;\">Notre soci\u00e9t\u00e9 fournit des financiers, des services de consultation pour aider les particuliers et les entreprises \u00e0 faire des financiers et des d\u00e9cisions d'investissement bas\u00e9es sur une analyse approfondie des march\u00e9s et des opportunit\u00e9s.<\/span><\/p>\t\t\t\t\t\t\t\t<\/div>\n\t\t\t\t<div class=\"elementor-element elementor-element-74aac34 elementor-widget elementor-widget-vektor_faq\" data-id=\"74aac34\" data-element_type=\"widget\" data-e-type=\"widget\" data-widget_type=\"vektor_faq.default\">\n\t\t\t\t<div class=\"elementor-widget-container\">\n\t\t\t\t\t        <div class=\"vektor-accordion-wrapper\">\r\n            <div class=\"container\">\r\n                <div class=\"accordion faq-accordion\" id=\"vektor-faq\">\r\n                                            <div class=\"accordion-item\">\r\n                            <div class=\"accordion-header\" id=\"faq1\">\r\n                                <button class=\"accordion-button active\" type=\"button\" data-bs-toggle=\"collapse\" data-bs-target=\"#vektor-faq-item-29571\" aria-expanded=\"false\" aria-controls=\"vektor-faq-item-29571\">\r\n\r\n                                    <div class=\"title-content\">\r\n                                        Ce que nous Offrons                                    <\/div>\r\n\r\n                                    <div class=\"faq-arrow\">\r\n                                        <i class=\"fas fa-chevron-up\"><\/i>\r\n                                    <\/div>\r\n                                <\/button>\r\n                            <\/div>\r\n                            <div id=\"vektor-faq-item-29571\" class=\"accordion-collapse show collapsed\" type=\"button\" data-bs-toggle=\"collapse\" data-bs-target=\"#vektor-faq-item-29571\" aria-labelledby=\"faq1\" data-bs-parent=\"#vektor-faq\">\r\n                                <div class=\"accordion-body\"><p style=\"text-align: center\"><span style=\"color: #000000\">La performance financi\u00e8re de l'\u00e9valuation.<\/span><\/p><p style=\"text-align: center\"><span style=\"color: #000000\">Pr\u00e9paration des \u00e9tudes financi\u00e8res.<\/span><\/p><p style=\"text-align: center\"><span style=\"color: #000000\">Le d\u00e9veloppement financier des strat\u00e9gies de croissance.<\/span><\/p><p style=\"text-align: center\"><span style=\"color: #000000\">Conseil en investissement.<\/span><\/p><p style=\"text-align: center\"><span style=\"color: #000000\">Gestion des risques financiers.<\/span><\/p><\/div>\r\n                            <\/div>\r\n                        <\/div>\r\n                                            <div class=\"accordion-item\">\r\n                            <div class=\"accordion-header\" id=\"faq2\">\r\n                                <button class=\"accordion-button collapsed\" type=\"button\" data-bs-toggle=\"collapse\" data-bs-target=\"#vektor-faq-item-29572\" aria-expanded=\"false\" aria-controls=\"vektor-faq-item-29572\">\r\n\r\n                                    <div class=\"title-content\">\r\n                                        Avantage pour le client                                    <\/div>\r\n\r\n                                    <div class=\"faq-arrow\">\r\n                                        <i class=\"fas fa-chevron-up\"><\/i>\r\n                                    <\/div>\r\n                                <\/button>\r\n                            <\/div>\r\n                            <div id=\"vektor-faq-item-29572\" class=\"accordion-collapse collapse\" type=\"button\" data-bs-toggle=\"collapse\" data-bs-target=\"#vektor-faq-item-29572\" aria-labelledby=\"faq2\" data-bs-parent=\"#vektor-faq\">\r\n                                <div class=\"accordion-body\"><p style=\"text-align: center\"><span style=\"color: #000000\">L'autonomisation des clients \u00e0 prendre des d\u00e9cisions financi\u00e8res \u00e9clair\u00e9es en faveur de la croissance et de la stabilit\u00e9 financi\u00e8re<\/span><\/p><\/div>\r\n                            <\/div>\r\n                        <\/div>\r\n                                    <\/div>\r\n            <\/div>\r\n        <\/div>\r\n\t\t\t\t<\/div>\n\t\t\t\t<\/div>\n\t\t\t\t\t<\/div>\n\t\t<\/div>\n\t\t\t\t\t<\/div>\n\t\t<\/section>\n\t\t\t\t<\/div>","protected":false},"excerpt":{"rendered":"<p>Business analysis Our company provides financial consulting services to help individuals and companies make informed financial and investment decisions based on a thorough analysis of markets and opportunities. What we Offer Financial performance evaluation. Preparation of financial studies. Development of financial growth strategies. Investment consulting. Financial risk management. Benefit to the customer Empowering customers to [&hellip;]<\/p>\n","protected":false},"author":2,"featured_media":0,"parent":3925,"menu_order":0,"comment_status":"closed","ping_status":"closed","template":"","meta":{"footnotes":""},"class_list":["post-4011","page","type-page","status-publish","hentry"],"yoast_head":"<!-- This site is optimized with the Yoast SEO plugin v27.3 - https:\/\/yoast.com\/product\/yoast-seo-wordpress\/ -->\n<title>Business Analysis - International Investment License Department<\/title>\n<meta name=\"robots\" content=\"index, follow, max-snippet:-1, max-image-preview:large, max-video-preview:-1\" \/>\n<link rel=\"canonical\" href=\"https:\/\/investlicenses.org\/fr\/services\/business-analysis\/\" \/>\n<meta property=\"og:locale\" content=\"fr_FR\" \/>\n<meta property=\"og:type\" content=\"article\" \/>\n<meta property=\"og:title\" content=\"Business Analysis - International Investment License Department\" \/>\n<meta property=\"og:description\" content=\"Business analysis Our company provides financial consulting services to help individuals and companies make informed financial and investment decisions based on a thorough analysis of markets and opportunities. What we Offer Financial performance evaluation. Preparation of financial studies. Development of financial growth strategies. Investment consulting. Financial risk management. Benefit to the customer Empowering customers to [&hellip;]\" \/>\n<meta property=\"og:url\" content=\"https:\/\/investlicenses.org\/fr\/services\/business-analysis\/\" \/>\n<meta property=\"og:site_name\" content=\"International Investment License Department\" \/>\n<meta property=\"article:modified_time\" content=\"2026-03-14T18:25:12+00:00\" \/>\n<meta property=\"og:image\" content=\"https:\/\/investlicenses.org\/wp-content\/uploads\/2026\/03\/Untitled-design-42.png\" \/>\n\t<meta property=\"og:image:width\" content=\"1600\" \/>\n\t<meta property=\"og:image:height\" content=\"708\" \/>\n\t<meta property=\"og:image:type\" content=\"image\/png\" \/>\n<meta name=\"twitter:card\" content=\"summary_large_image\" \/>\n<script type=\"application\/ld+json\" class=\"yoast-schema-graph\">{\"@context\":\"https:\\\/\\\/schema.org\",\"@graph\":[{\"@type\":\"WebPage\",\"@id\":\"https:\\\/\\\/investlicenses.org\\\/services\\\/business-analysis\\\/\",\"url\":\"https:\\\/\\\/investlicenses.org\\\/services\\\/business-analysis\\\/\",\"name\":\"Business Analysis - International Investment License Department\",\"isPartOf\":{\"@id\":\"https:\\\/\\\/investlicenses.org\\\/#website\"},\"primaryImageOfPage\":{\"@id\":\"https:\\\/\\\/investlicenses.org\\\/services\\\/business-analysis\\\/#primaryimage\"},\"image\":{\"@id\":\"https:\\\/\\\/investlicenses.org\\\/services\\\/business-analysis\\\/#primaryimage\"},\"thumbnailUrl\":\"https:\\\/\\\/investlicenses.org\\\/wp-content\\\/uploads\\\/2026\\\/03\\\/Untitled-design-42-1024x453.png\",\"datePublished\":\"2024-03-21T10:03:27+00:00\",\"dateModified\":\"2026-03-14T18:25:12+00:00\",\"breadcrumb\":{\"@id\":\"https:\\\/\\\/investlicenses.org\\\/services\\\/business-analysis\\\/#breadcrumb\"},\"inLanguage\":\"fr-FR\",\"potentialAction\":[{\"@type\":\"ReadAction\",\"target\":[\"https:\\\/\\\/investlicenses.org\\\/services\\\/business-analysis\\\/\"]}]},{\"@type\":\"ImageObject\",\"inLanguage\":\"fr-FR\",\"@id\":\"https:\\\/\\\/investlicenses.org\\\/services\\\/business-analysis\\\/#primaryimage\",\"url\":\"https:\\\/\\\/investlicenses.org\\\/wp-content\\\/uploads\\\/2026\\\/03\\\/Untitled-design-42-1024x453.png\",\"contentUrl\":\"https:\\\/\\\/investlicenses.org\\\/wp-content\\\/uploads\\\/2026\\\/03\\\/Untitled-design-42-1024x453.png\"},{\"@type\":\"BreadcrumbList\",\"@id\":\"https:\\\/\\\/investlicenses.org\\\/services\\\/business-analysis\\\/#breadcrumb\",\"itemListElement\":[{\"@type\":\"ListItem\",\"position\":1,\"name\":\"Home\",\"item\":\"https:\\\/\\\/investlicenses.org\\\/\"},{\"@type\":\"ListItem\",\"position\":2,\"name\":\"Services\",\"item\":\"https:\\\/\\\/investlicenses.org\\\/services\\\/\"},{\"@type\":\"ListItem\",\"position\":3,\"name\":\"Business Analysis\"}]},{\"@type\":\"WebSite\",\"@id\":\"https:\\\/\\\/investlicenses.org\\\/#website\",\"url\":\"https:\\\/\\\/investlicenses.org\\\/\",\"name\":\"International Investment License Department\",\"description\":\"Financial and investment services for individuals and companies\",\"publisher\":{\"@id\":\"https:\\\/\\\/investlicenses.org\\\/#organization\"},\"potentialAction\":[{\"@type\":\"SearchAction\",\"target\":{\"@type\":\"EntryPoint\",\"urlTemplate\":\"https:\\\/\\\/investlicenses.org\\\/?s={search_term_string}\"},\"query-input\":{\"@type\":\"PropertyValueSpecification\",\"valueRequired\":true,\"valueName\":\"search_term_string\"}}],\"inLanguage\":\"fr-FR\"},{\"@type\":\"Organization\",\"@id\":\"https:\\\/\\\/investlicenses.org\\\/#organization\",\"name\":\"International Investment License Department\",\"url\":\"https:\\\/\\\/investlicenses.org\\\/\",\"logo\":{\"@type\":\"ImageObject\",\"inLanguage\":\"fr-FR\",\"@id\":\"https:\\\/\\\/investlicenses.org\\\/#\\\/schema\\\/logo\\\/image\\\/\",\"url\":\"https:\\\/\\\/investlicenses.org\\\/wp-content\\\/uploads\\\/2024\\\/02\\\/cropped-Your-paragraph-text-7.png\",\"contentUrl\":\"https:\\\/\\\/investlicenses.org\\\/wp-content\\\/uploads\\\/2024\\\/02\\\/cropped-Your-paragraph-text-7.png\",\"width\":225,\"height\":58,\"caption\":\"International Investment License Department\"},\"image\":{\"@id\":\"https:\\\/\\\/investlicenses.org\\\/#\\\/schema\\\/logo\\\/image\\\/\"}}]}<\/script>\n<!-- \/ Yoast SEO plugin. -->","yoast_head_json":{"title":"Business Analysis - International Investment License Department","robots":{"index":"index","follow":"follow","max-snippet":"max-snippet:-1","max-image-preview":"max-image-preview:large","max-video-preview":"max-video-preview:-1"},"canonical":"https:\/\/investlicenses.org\/fr\/services\/business-analysis\/","og_locale":"fr_FR","og_type":"article","og_title":"Business Analysis - International Investment License Department","og_description":"Business analysis Our company provides financial consulting services to help individuals and companies make informed financial and investment decisions based on a thorough analysis of markets and opportunities. What we Offer Financial performance evaluation. Preparation of financial studies. Development of financial growth strategies. Investment consulting. Financial risk management. Benefit to the customer Empowering customers to [&hellip;]","og_url":"https:\/\/investlicenses.org\/fr\/services\/business-analysis\/","og_site_name":"International Investment License Department","article_modified_time":"2026-03-14T18:25:12+00:00","og_image":[{"width":1600,"height":708,"url":"https:\/\/investlicenses.org\/wp-content\/uploads\/2026\/03\/Untitled-design-42.png","type":"image\/png"}],"twitter_card":"summary_large_image","schema":{"@context":"https:\/\/schema.org","@graph":[{"@type":"WebPage","@id":"https:\/\/investlicenses.org\/services\/business-analysis\/","url":"https:\/\/investlicenses.org\/services\/business-analysis\/","name":"Business Analysis - International Investment License Department","isPartOf":{"@id":"https:\/\/investlicenses.org\/#website"},"primaryImageOfPage":{"@id":"https:\/\/investlicenses.org\/services\/business-analysis\/#primaryimage"},"image":{"@id":"https:\/\/investlicenses.org\/services\/business-analysis\/#primaryimage"},"thumbnailUrl":"https:\/\/investlicenses.org\/wp-content\/uploads\/2026\/03\/Untitled-design-42-1024x453.png","datePublished":"2024-03-21T10:03:27+00:00","dateModified":"2026-03-14T18:25:12+00:00","breadcrumb":{"@id":"https:\/\/investlicenses.org\/services\/business-analysis\/#breadcrumb"},"inLanguage":"fr-FR","potentialAction":[{"@type":"ReadAction","target":["https:\/\/investlicenses.org\/services\/business-analysis\/"]}]},{"@type":"ImageObject","inLanguage":"fr-FR","@id":"https:\/\/investlicenses.org\/services\/business-analysis\/#primaryimage","url":"https:\/\/investlicenses.org\/wp-content\/uploads\/2026\/03\/Untitled-design-42-1024x453.png","contentUrl":"https:\/\/investlicenses.org\/wp-content\/uploads\/2026\/03\/Untitled-design-42-1024x453.png"},{"@type":"BreadcrumbList","@id":"https:\/\/investlicenses.org\/services\/business-analysis\/#breadcrumb","itemListElement":[{"@type":"ListItem","position":1,"name":"Home","item":"https:\/\/investlicenses.org\/"},{"@type":"ListItem","position":2,"name":"Services","item":"https:\/\/investlicenses.org\/services\/"},{"@type":"ListItem","position":3,"name":"Business Analysis"}]},{"@type":"WebSite","@id":"https:\/\/investlicenses.org\/#website","url":"https:\/\/investlicenses.org\/","name":"L'Investissement International Licence D\u00e9partement","description":"Financial and investment services for individuals and companies","publisher":{"@id":"https:\/\/investlicenses.org\/#organization"},"potentialAction":[{"@type":"SearchAction","target":{"@type":"EntryPoint","urlTemplate":"https:\/\/investlicenses.org\/?s={search_term_string}"},"query-input":{"@type":"PropertyValueSpecification","valueRequired":true,"valueName":"search_term_string"}}],"inLanguage":"fr-FR"},{"@type":"Organization","@id":"https:\/\/investlicenses.org\/#organization","name":"L'Investissement International Licence D\u00e9partement","url":"https:\/\/investlicenses.org\/","logo":{"@type":"ImageObject","inLanguage":"fr-FR","@id":"https:\/\/investlicenses.org\/#\/schema\/logo\/image\/","url":"https:\/\/investlicenses.org\/wp-content\/uploads\/2024\/02\/cropped-Your-paragraph-text-7.png","contentUrl":"https:\/\/investlicenses.org\/wp-content\/uploads\/2024\/02\/cropped-Your-paragraph-text-7.png","width":225,"height":58,"caption":"International Investment License Department"},"image":{"@id":"https:\/\/investlicenses.org\/#\/schema\/logo\/image\/"}}]}},"_links":{"self":[{"href":"https:\/\/investlicenses.org\/fr\/wp-json\/wp\/v2\/pages\/4011","targetHints":{"allow":["GET"]}}],"collection":[{"href":"https:\/\/investlicenses.org\/fr\/wp-json\/wp\/v2\/pages"}],"about":[{"href":"https:\/\/investlicenses.org\/fr\/wp-json\/wp\/v2\/types\/page"}],"author":[{"embeddable":true,"href":"https:\/\/investlicenses.org\/fr\/wp-json\/wp\/v2\/users\/2"}],"replies":[{"embeddable":true,"href":"https:\/\/investlicenses.org\/fr\/wp-json\/wp\/v2\/comments?post=4011"}],"version-history":[{"count":24,"href":"https:\/\/investlicenses.org\/fr\/wp-json\/wp\/v2\/pages\/4011\/revisions"}],"predecessor-version":[{"id":6961,"href":"https:\/\/investlicenses.org\/fr\/wp-json\/wp\/v2\/pages\/4011\/revisions\/6961"}],"up":[{"embeddable":true,"href":"https:\/\/investlicenses.org\/fr\/wp-json\/wp\/v2\/pages\/3925"}],"wp:attachment":[{"href":"https:\/\/investlicenses.org\/fr\/wp-json\/wp\/v2\/media?parent=4011"}],"curies":[{"name":"wp","href":"https:\/\/api.w.org\/{rel}","templated":true}]}}