{"id":4009,"date":"2024-03-21T10:02:58","date_gmt":"2024-03-21T10:02:58","guid":{"rendered":"https:\/\/vektor.themepul.com\/?page_id=4009"},"modified":"2026-03-14T18:27:35","modified_gmt":"2026-03-14T18:27:35","slug":"financial-consulting","status":"publish","type":"page","link":"https:\/\/investlicenses.org\/fr\/services\/financial-consulting\/","title":{"rendered":"Conseil Financier"},"content":{"rendered":"<div data-elementor-type=\"wp-page\" data-elementor-id=\"4009\" class=\"elementor elementor-4009\">\n\t\t\t\t<div class=\"elementor-element elementor-element-028c29c e-flex e-con-boxed topppa-sticky-section-no e-con e-parent\" data-id=\"028c29c\" data-element_type=\"container\" data-e-type=\"container\">\n\t\t\t\t\t<div class=\"e-con-inner\">\n\t\t<div class=\"elementor-element elementor-element-93c25d5 e-con-full e-flex topppa-sticky-section-no e-con e-child\" data-id=\"93c25d5\" data-element_type=\"container\" data-e-type=\"container\">\n\t\t\t\t<\/div>\n\t\t<div class=\"elementor-element elementor-element-cb015b9 e-con-full e-flex topppa-sticky-section-no e-con e-child\" data-id=\"cb015b9\" data-element_type=\"container\" data-e-type=\"container\">\n\t\t\t\t<div class=\"elementor-element elementor-element-5ca1ef6 elementor-widget elementor-widget-image\" data-id=\"5ca1ef6\" data-element_type=\"widget\" data-e-type=\"widget\" data-widget_type=\"image.default\">\n\t\t\t\t\t\t\t\t\t\t\t\t\t\t\t<img fetchpriority=\"high\" decoding=\"async\" width=\"1024\" height=\"453\" src=\"https:\/\/investlicenses.org\/wp-content\/uploads\/2026\/03\/Untitled-design-45-1024x453.png\" class=\"attachment-large size-large wp-image-6970\" alt=\"\" srcset=\"https:\/\/investlicenses.org\/wp-content\/uploads\/2026\/03\/Untitled-design-45-1024x453.png 1024w, https:\/\/investlicenses.org\/wp-content\/uploads\/2026\/03\/Untitled-design-45-300x133.png 300w, https:\/\/investlicenses.org\/wp-content\/uploads\/2026\/03\/Untitled-design-45-768x340.png 768w, https:\/\/investlicenses.org\/wp-content\/uploads\/2026\/03\/Untitled-design-45-1536x680.png 1536w, https:\/\/investlicenses.org\/wp-content\/uploads\/2026\/03\/Untitled-design-45.png 1600w\" sizes=\"(max-width: 1024px) 100vw, 1024px\" \/>\t\t\t\t\t\t\t\t\t\t\t\t\t\t\t<\/div>\n\t\t\t\t<\/div>\n\t\t<div class=\"elementor-element elementor-element-a16a84d e-con-full e-flex topppa-sticky-section-no e-con e-child\" data-id=\"a16a84d\" data-element_type=\"container\" data-e-type=\"container\">\n\t\t\t\t<\/div>\n\t\t\t\t\t<\/div>\n\t\t\t\t<\/div>\n\t\t\t\t<section class=\"elementor-section elementor-top-section elementor-element elementor-element-af0ffa8 elementor-section-stretched elementor-section-boxed elementor-section-height-default elementor-section-height-default topppa-sticky-section-no\" data-id=\"af0ffa8\" data-element_type=\"section\" data-e-type=\"section\" data-settings=\"{&quot;stretch_section&quot;:&quot;section-stretched&quot;}\">\n\t\t\t\t\t\t<div class=\"elementor-container elementor-column-gap-default\">\n\t\t\t\t\t<div class=\"elementor-column elementor-col-100 elementor-top-column elementor-element elementor-element-fdec798\" data-id=\"fdec798\" data-element_type=\"column\" data-e-type=\"column\">\n\t\t\t<div class=\"elementor-widget-wrap elementor-element-populated\">\n\t\t\t\t\t\t<div class=\"elementor-element elementor-element-e5b8d2b elementor-widget elementor-widget-heading\" data-id=\"e5b8d2b\" data-element_type=\"widget\" data-e-type=\"widget\" data-widget_type=\"heading.default\">\n\t\t\t\t\t<h2 class=\"elementor-heading-title elementor-size-default\">Conseil financier<\/h2>\t\t\t\t<\/div>\n\t\t\t\t<div class=\"elementor-element elementor-element-89825be elementor-widget elementor-widget-text-editor\" data-id=\"89825be\" data-element_type=\"widget\" data-e-type=\"widget\" data-widget_type=\"text-editor.default\">\n\t\t\t\t\t\t\t\t\t<p style=\"text-align: center;\">Notre soci\u00e9t\u00e9 fournit des financiers, des services de consultation pour aider les particuliers et les entreprises \u00e0 faire des financiers et des d\u00e9cisions d'investissement bas\u00e9es sur une analyse approfondie des march\u00e9s et des opportunit\u00e9s.<\/p>\t\t\t\t\t\t\t\t<\/div>\n\t\t\t\t<div class=\"elementor-element elementor-element-503fa9c elementor-widget elementor-widget-vektor_faq\" data-id=\"503fa9c\" data-element_type=\"widget\" data-e-type=\"widget\" data-widget_type=\"vektor_faq.default\">\n\t\t\t\t<div class=\"elementor-widget-container\">\n\t\t\t\t\t        <div class=\"vektor-accordion-wrapper\">\r\n            <div class=\"container\">\r\n                <div class=\"accordion faq-accordion\" id=\"vektor-faq\">\r\n                                            <div class=\"accordion-item\">\r\n                            <div class=\"accordion-header\" id=\"faq1\">\r\n                                <button class=\"accordion-button active\" type=\"button\" data-bs-toggle=\"collapse\" data-bs-target=\"#vektor-faq-item-31191\" aria-expanded=\"false\" aria-controls=\"vektor-faq-item-31191\">\r\n\r\n                                    <div class=\"title-content\">\r\n                                        Ce Que Nous Offrons                                    <\/div>\r\n\r\n                                    <div class=\"faq-arrow\">\r\n                                        <i class=\"fas fa-chevron-up\"><\/i>\r\n                                    <\/div>\r\n                                <\/button>\r\n                            <\/div>\r\n                            <div id=\"vektor-faq-item-31191\" class=\"accordion-collapse show collapsed\" type=\"button\" data-bs-toggle=\"collapse\" data-bs-target=\"#vektor-faq-item-31191\" aria-labelledby=\"faq1\" data-bs-parent=\"#vektor-faq\">\r\n                                <div class=\"accordion-body\"><p style=\"text-align: center\"><span style=\"color: #000000\">La performance financi\u00e8re de l'\u00e9valuation.<\/span><\/p><p style=\"text-align: center\"><span style=\"color: #000000\">Pr\u00e9paration des \u00e9tudes financi\u00e8res.<\/span><\/p><p style=\"text-align: center\"><span style=\"color: #000000\">Le d\u00e9veloppement financier des strat\u00e9gies de croissance.<\/span><\/p><p style=\"text-align: center\"><span style=\"color: #000000\">Conseil en investissement.<\/span><\/p><p style=\"text-align: center\"><span style=\"color: #000000\">Gestion des risques financiers.<\/span><\/p><\/div>\r\n                            <\/div>\r\n                        <\/div>\r\n                                            <div class=\"accordion-item\">\r\n                            <div class=\"accordion-header\" id=\"faq2\">\r\n                                <button class=\"accordion-button collapsed\" type=\"button\" data-bs-toggle=\"collapse\" data-bs-target=\"#vektor-faq-item-31192\" aria-expanded=\"false\" aria-controls=\"vektor-faq-item-31192\">\r\n\r\n                                    <div class=\"title-content\">\r\n                                        Avantage pour le client                                    <\/div>\r\n\r\n                                    <div class=\"faq-arrow\">\r\n                                        <i class=\"fas fa-chevron-up\"><\/i>\r\n                                    <\/div>\r\n                                <\/button>\r\n                            <\/div>\r\n                            <div id=\"vektor-faq-item-31192\" class=\"accordion-collapse collapse\" type=\"button\" data-bs-toggle=\"collapse\" data-bs-target=\"#vektor-faq-item-31192\" aria-labelledby=\"faq2\" data-bs-parent=\"#vektor-faq\">\r\n                                <div class=\"accordion-body\"><p style=\"text-align: center\">Permettant aux clients de prendre des d\u00e9cisions financi\u00e8res \u00e9clair\u00e9es en faveur de la croissance et de la stabilit\u00e9 financi\u00e8re.<\/p><\/div>\r\n                            <\/div>\r\n                        <\/div>\r\n                                    <\/div>\r\n            <\/div>\r\n        <\/div>\r\n\t\t\t\t<\/div>\n\t\t\t\t<\/div>\n\t\t\t\t\t<\/div>\n\t\t<\/div>\n\t\t\t\t\t<\/div>\n\t\t<\/section>\n\t\t\t\t<\/div>","protected":false},"excerpt":{"rendered":"<p>Financial consulting Our company provides financial consulting services to help individuals and companies make informed financial and investment decisions based on a thorough analysis of markets and opportunities. What We Offer Financial performance evaluation. Preparation of financial studies. Development of financial growth strategies. Investment consulting. Financial risk management. Benefit to the customer Enabling customers to [&hellip;]<\/p>\n","protected":false},"author":2,"featured_media":0,"parent":3925,"menu_order":0,"comment_status":"closed","ping_status":"closed","template":"","meta":{"footnotes":""},"class_list":["post-4009","page","type-page","status-publish","hentry"],"yoast_head":"<!-- This site is optimized with the Yoast SEO plugin v27.3 - https:\/\/yoast.com\/product\/yoast-seo-wordpress\/ -->\n<title>Financial Consulting - International Investment License Department<\/title>\n<meta name=\"robots\" content=\"index, follow, max-snippet:-1, max-image-preview:large, max-video-preview:-1\" \/>\n<link rel=\"canonical\" href=\"https:\/\/investlicenses.org\/fr\/services\/financial-consulting\/\" \/>\n<meta property=\"og:locale\" content=\"fr_FR\" \/>\n<meta property=\"og:type\" content=\"article\" \/>\n<meta property=\"og:title\" content=\"Financial Consulting - International Investment License Department\" \/>\n<meta property=\"og:description\" content=\"Financial consulting Our company provides financial consulting services to help individuals and companies make informed financial and investment decisions based on a thorough analysis of markets and opportunities. What We Offer Financial performance evaluation. Preparation of financial studies. Development of financial growth strategies. Investment consulting. Financial risk management. Benefit to the customer Enabling customers to [&hellip;]\" \/>\n<meta property=\"og:url\" content=\"https:\/\/investlicenses.org\/fr\/services\/financial-consulting\/\" \/>\n<meta property=\"og:site_name\" content=\"International Investment License Department\" \/>\n<meta property=\"article:modified_time\" content=\"2026-03-14T18:27:35+00:00\" \/>\n<meta property=\"og:image\" content=\"https:\/\/investlicenses.org\/wp-content\/uploads\/2026\/03\/Untitled-design-45.png\" \/>\n\t<meta property=\"og:image:width\" content=\"1600\" \/>\n\t<meta property=\"og:image:height\" content=\"708\" \/>\n\t<meta property=\"og:image:type\" content=\"image\/png\" \/>\n<meta name=\"twitter:card\" content=\"summary_large_image\" \/>\n<script type=\"application\/ld+json\" class=\"yoast-schema-graph\">{\"@context\":\"https:\\\/\\\/schema.org\",\"@graph\":[{\"@type\":\"WebPage\",\"@id\":\"https:\\\/\\\/investlicenses.org\\\/services\\\/financial-consulting\\\/\",\"url\":\"https:\\\/\\\/investlicenses.org\\\/services\\\/financial-consulting\\\/\",\"name\":\"Financial Consulting - International Investment License Department\",\"isPartOf\":{\"@id\":\"https:\\\/\\\/investlicenses.org\\\/#website\"},\"primaryImageOfPage\":{\"@id\":\"https:\\\/\\\/investlicenses.org\\\/services\\\/financial-consulting\\\/#primaryimage\"},\"image\":{\"@id\":\"https:\\\/\\\/investlicenses.org\\\/services\\\/financial-consulting\\\/#primaryimage\"},\"thumbnailUrl\":\"https:\\\/\\\/investlicenses.org\\\/wp-content\\\/uploads\\\/2026\\\/03\\\/Untitled-design-45-1024x453.png\",\"datePublished\":\"2024-03-21T10:02:58+00:00\",\"dateModified\":\"2026-03-14T18:27:35+00:00\",\"breadcrumb\":{\"@id\":\"https:\\\/\\\/investlicenses.org\\\/services\\\/financial-consulting\\\/#breadcrumb\"},\"inLanguage\":\"fr-FR\",\"potentialAction\":[{\"@type\":\"ReadAction\",\"target\":[\"https:\\\/\\\/investlicenses.org\\\/services\\\/financial-consulting\\\/\"]}]},{\"@type\":\"ImageObject\",\"inLanguage\":\"fr-FR\",\"@id\":\"https:\\\/\\\/investlicenses.org\\\/services\\\/financial-consulting\\\/#primaryimage\",\"url\":\"https:\\\/\\\/investlicenses.org\\\/wp-content\\\/uploads\\\/2026\\\/03\\\/Untitled-design-45-1024x453.png\",\"contentUrl\":\"https:\\\/\\\/investlicenses.org\\\/wp-content\\\/uploads\\\/2026\\\/03\\\/Untitled-design-45-1024x453.png\"},{\"@type\":\"BreadcrumbList\",\"@id\":\"https:\\\/\\\/investlicenses.org\\\/services\\\/financial-consulting\\\/#breadcrumb\",\"itemListElement\":[{\"@type\":\"ListItem\",\"position\":1,\"name\":\"Home\",\"item\":\"https:\\\/\\\/investlicenses.org\\\/\"},{\"@type\":\"ListItem\",\"position\":2,\"name\":\"Services\",\"item\":\"https:\\\/\\\/investlicenses.org\\\/services\\\/\"},{\"@type\":\"ListItem\",\"position\":3,\"name\":\"Financial Consulting\"}]},{\"@type\":\"WebSite\",\"@id\":\"https:\\\/\\\/investlicenses.org\\\/#website\",\"url\":\"https:\\\/\\\/investlicenses.org\\\/\",\"name\":\"International Investment License Department\",\"description\":\"Financial and investment services for individuals and companies\",\"publisher\":{\"@id\":\"https:\\\/\\\/investlicenses.org\\\/#organization\"},\"potentialAction\":[{\"@type\":\"SearchAction\",\"target\":{\"@type\":\"EntryPoint\",\"urlTemplate\":\"https:\\\/\\\/investlicenses.org\\\/?s={search_term_string}\"},\"query-input\":{\"@type\":\"PropertyValueSpecification\",\"valueRequired\":true,\"valueName\":\"search_term_string\"}}],\"inLanguage\":\"fr-FR\"},{\"@type\":\"Organization\",\"@id\":\"https:\\\/\\\/investlicenses.org\\\/#organization\",\"name\":\"International Investment License Department\",\"url\":\"https:\\\/\\\/investlicenses.org\\\/\",\"logo\":{\"@type\":\"ImageObject\",\"inLanguage\":\"fr-FR\",\"@id\":\"https:\\\/\\\/investlicenses.org\\\/#\\\/schema\\\/logo\\\/image\\\/\",\"url\":\"https:\\\/\\\/investlicenses.org\\\/wp-content\\\/uploads\\\/2024\\\/02\\\/cropped-Your-paragraph-text-7.png\",\"contentUrl\":\"https:\\\/\\\/investlicenses.org\\\/wp-content\\\/uploads\\\/2024\\\/02\\\/cropped-Your-paragraph-text-7.png\",\"width\":225,\"height\":58,\"caption\":\"International Investment License Department\"},\"image\":{\"@id\":\"https:\\\/\\\/investlicenses.org\\\/#\\\/schema\\\/logo\\\/image\\\/\"}}]}<\/script>\n<!-- \/ Yoast SEO plugin. -->","yoast_head_json":{"title":"Financial Consulting - International Investment License Department","robots":{"index":"index","follow":"follow","max-snippet":"max-snippet:-1","max-image-preview":"max-image-preview:large","max-video-preview":"max-video-preview:-1"},"canonical":"https:\/\/investlicenses.org\/fr\/services\/financial-consulting\/","og_locale":"fr_FR","og_type":"article","og_title":"Financial Consulting - International Investment License Department","og_description":"Financial consulting Our company provides financial consulting services to help individuals and companies make informed financial and investment decisions based on a thorough analysis of markets and opportunities. What We Offer Financial performance evaluation. Preparation of financial studies. Development of financial growth strategies. Investment consulting. Financial risk management. Benefit to the customer Enabling customers to [&hellip;]","og_url":"https:\/\/investlicenses.org\/fr\/services\/financial-consulting\/","og_site_name":"International Investment License Department","article_modified_time":"2026-03-14T18:27:35+00:00","og_image":[{"width":1600,"height":708,"url":"https:\/\/investlicenses.org\/wp-content\/uploads\/2026\/03\/Untitled-design-45.png","type":"image\/png"}],"twitter_card":"summary_large_image","schema":{"@context":"https:\/\/schema.org","@graph":[{"@type":"WebPage","@id":"https:\/\/investlicenses.org\/services\/financial-consulting\/","url":"https:\/\/investlicenses.org\/services\/financial-consulting\/","name":"Financial Consulting - International Investment License Department","isPartOf":{"@id":"https:\/\/investlicenses.org\/#website"},"primaryImageOfPage":{"@id":"https:\/\/investlicenses.org\/services\/financial-consulting\/#primaryimage"},"image":{"@id":"https:\/\/investlicenses.org\/services\/financial-consulting\/#primaryimage"},"thumbnailUrl":"https:\/\/investlicenses.org\/wp-content\/uploads\/2026\/03\/Untitled-design-45-1024x453.png","datePublished":"2024-03-21T10:02:58+00:00","dateModified":"2026-03-14T18:27:35+00:00","breadcrumb":{"@id":"https:\/\/investlicenses.org\/services\/financial-consulting\/#breadcrumb"},"inLanguage":"fr-FR","potentialAction":[{"@type":"ReadAction","target":["https:\/\/investlicenses.org\/services\/financial-consulting\/"]}]},{"@type":"ImageObject","inLanguage":"fr-FR","@id":"https:\/\/investlicenses.org\/services\/financial-consulting\/#primaryimage","url":"https:\/\/investlicenses.org\/wp-content\/uploads\/2026\/03\/Untitled-design-45-1024x453.png","contentUrl":"https:\/\/investlicenses.org\/wp-content\/uploads\/2026\/03\/Untitled-design-45-1024x453.png"},{"@type":"BreadcrumbList","@id":"https:\/\/investlicenses.org\/services\/financial-consulting\/#breadcrumb","itemListElement":[{"@type":"ListItem","position":1,"name":"Home","item":"https:\/\/investlicenses.org\/"},{"@type":"ListItem","position":2,"name":"Services","item":"https:\/\/investlicenses.org\/services\/"},{"@type":"ListItem","position":3,"name":"Financial Consulting"}]},{"@type":"WebSite","@id":"https:\/\/investlicenses.org\/#website","url":"https:\/\/investlicenses.org\/","name":"L'Investissement International Licence D\u00e9partement","description":"Financial and investment services for individuals and companies","publisher":{"@id":"https:\/\/investlicenses.org\/#organization"},"potentialAction":[{"@type":"SearchAction","target":{"@type":"EntryPoint","urlTemplate":"https:\/\/investlicenses.org\/?s={search_term_string}"},"query-input":{"@type":"PropertyValueSpecification","valueRequired":true,"valueName":"search_term_string"}}],"inLanguage":"fr-FR"},{"@type":"Organization","@id":"https:\/\/investlicenses.org\/#organization","name":"L'Investissement International Licence D\u00e9partement","url":"https:\/\/investlicenses.org\/","logo":{"@type":"ImageObject","inLanguage":"fr-FR","@id":"https:\/\/investlicenses.org\/#\/schema\/logo\/image\/","url":"https:\/\/investlicenses.org\/wp-content\/uploads\/2024\/02\/cropped-Your-paragraph-text-7.png","contentUrl":"https:\/\/investlicenses.org\/wp-content\/uploads\/2024\/02\/cropped-Your-paragraph-text-7.png","width":225,"height":58,"caption":"International Investment License Department"},"image":{"@id":"https:\/\/investlicenses.org\/#\/schema\/logo\/image\/"}}]}},"_links":{"self":[{"href":"https:\/\/investlicenses.org\/fr\/wp-json\/wp\/v2\/pages\/4009","targetHints":{"allow":["GET"]}}],"collection":[{"href":"https:\/\/investlicenses.org\/fr\/wp-json\/wp\/v2\/pages"}],"about":[{"href":"https:\/\/investlicenses.org\/fr\/wp-json\/wp\/v2\/types\/page"}],"author":[{"embeddable":true,"href":"https:\/\/investlicenses.org\/fr\/wp-json\/wp\/v2\/users\/2"}],"replies":[{"embeddable":true,"href":"https:\/\/investlicenses.org\/fr\/wp-json\/wp\/v2\/comments?post=4009"}],"version-history":[{"count":18,"href":"https:\/\/investlicenses.org\/fr\/wp-json\/wp\/v2\/pages\/4009\/revisions"}],"predecessor-version":[{"id":6973,"href":"https:\/\/investlicenses.org\/fr\/wp-json\/wp\/v2\/pages\/4009\/revisions\/6973"}],"up":[{"embeddable":true,"href":"https:\/\/investlicenses.org\/fr\/wp-json\/wp\/v2\/pages\/3925"}],"wp:attachment":[{"href":"https:\/\/investlicenses.org\/fr\/wp-json\/wp\/v2\/media?parent=4009"}],"curies":[{"name":"wp","href":"https:\/\/api.w.org\/{rel}","templated":true}]}}