{"id":4007,"date":"2024-03-21T10:02:21","date_gmt":"2024-03-21T10:02:21","guid":{"rendered":"https:\/\/vektor.themepul.com\/?page_id=4007"},"modified":"2026-03-14T18:26:32","modified_gmt":"2026-03-14T18:26:32","slug":"cash-investment","status":"publish","type":"page","link":"https:\/\/investlicenses.org\/fr\/services\/cash-investment\/","title":{"rendered":"De Tr\u00e9sorerie D'Investissement"},"content":{"rendered":"<div data-elementor-type=\"wp-page\" data-elementor-id=\"4007\" class=\"elementor elementor-4007\">\n\t\t\t\t<div class=\"elementor-element elementor-element-fc7b03b e-flex e-con-boxed topppa-sticky-section-no e-con e-parent\" data-id=\"fc7b03b\" data-element_type=\"container\" data-e-type=\"container\">\n\t\t\t\t\t<div class=\"e-con-inner\">\n\t\t<div class=\"elementor-element elementor-element-b21e528 e-con-full e-flex topppa-sticky-section-no e-con e-child\" data-id=\"b21e528\" data-element_type=\"container\" data-e-type=\"container\">\n\t\t\t\t<\/div>\n\t\t<div class=\"elementor-element elementor-element-4bfd790 e-con-full e-flex topppa-sticky-section-no e-con e-child\" data-id=\"4bfd790\" data-element_type=\"container\" data-e-type=\"container\">\n\t\t\t\t<div class=\"elementor-element elementor-element-672ecb2 elementor-widget elementor-widget-image\" data-id=\"672ecb2\" data-element_type=\"widget\" data-e-type=\"widget\" data-widget_type=\"image.default\">\n\t\t\t\t\t\t\t\t\t\t\t\t\t\t\t<img fetchpriority=\"high\" decoding=\"async\" width=\"1600\" height=\"708\" src=\"https:\/\/investlicenses.org\/wp-content\/uploads\/2026\/03\/Untitled-design-44.png\" class=\"attachment-full size-full wp-image-6958\" alt=\"\" srcset=\"https:\/\/investlicenses.org\/wp-content\/uploads\/2026\/03\/Untitled-design-44.png 1600w, https:\/\/investlicenses.org\/wp-content\/uploads\/2026\/03\/Untitled-design-44-300x133.png 300w, https:\/\/investlicenses.org\/wp-content\/uploads\/2026\/03\/Untitled-design-44-1024x453.png 1024w, https:\/\/investlicenses.org\/wp-content\/uploads\/2026\/03\/Untitled-design-44-768x340.png 768w, https:\/\/investlicenses.org\/wp-content\/uploads\/2026\/03\/Untitled-design-44-1536x680.png 1536w\" sizes=\"(max-width: 1600px) 100vw, 1600px\" \/>\t\t\t\t\t\t\t\t\t\t\t\t\t\t\t<\/div>\n\t\t\t\t<\/div>\n\t\t<div class=\"elementor-element elementor-element-9f4a2bc e-con-full e-flex topppa-sticky-section-no e-con e-child\" data-id=\"9f4a2bc\" data-element_type=\"container\" data-e-type=\"container\">\n\t\t\t\t<\/div>\n\t\t\t\t\t<\/div>\n\t\t\t\t<\/div>\n\t\t\t\t<section class=\"elementor-section elementor-top-section elementor-element elementor-element-af0ffa8 elementor-section-stretched elementor-section-boxed elementor-section-height-default elementor-section-height-default topppa-sticky-section-no\" data-id=\"af0ffa8\" data-element_type=\"section\" data-e-type=\"section\" data-settings=\"{&quot;stretch_section&quot;:&quot;section-stretched&quot;}\">\n\t\t\t\t\t\t<div class=\"elementor-container elementor-column-gap-default\">\n\t\t\t\t\t<div class=\"elementor-column elementor-col-100 elementor-top-column elementor-element elementor-element-fdec798\" data-id=\"fdec798\" data-element_type=\"column\" data-e-type=\"column\">\n\t\t\t<div class=\"elementor-widget-wrap elementor-element-populated\">\n\t\t\t\t\t\t<div class=\"elementor-element elementor-element-e5b8d2b elementor-widget elementor-widget-heading\" data-id=\"e5b8d2b\" data-element_type=\"widget\" data-e-type=\"widget\" data-widget_type=\"heading.default\">\n\t\t\t\t\t<h2 class=\"elementor-heading-title elementor-size-default\">De tr\u00e9sorerie d'investissement<\/h2>\t\t\t\t<\/div>\n\t\t\t\t<div class=\"elementor-element elementor-element-89825be elementor-widget elementor-widget-text-editor\" data-id=\"89825be\" data-element_type=\"widget\" data-e-type=\"widget\" data-widget_type=\"text-editor.default\">\n\t\t\t\t\t\t\t\t\t<p>Nous fournissons de tr\u00e9sorerie d'investissement des solutions qui aident les particuliers et les entreprises \u00e0 d\u00e9velopper leurs argent dans une r\u00e9flexion et d'une mani\u00e8re s\u00fbre, conform\u00e9ment \u00e0 des strat\u00e9gies d'investissement bas\u00e9es sur l'analyse du march\u00e9 et des opportunit\u00e9s d'investissement.<\/p>\t\t\t\t\t\t\t\t<\/div>\n\t\t\t\t<div class=\"elementor-element elementor-element-8ff94b7 elementor-widget elementor-widget-heading\" data-id=\"8ff94b7\" data-element_type=\"widget\" data-e-type=\"widget\" data-widget_type=\"heading.default\">\n\t\t\t\t\t<h2 class=\"elementor-heading-title elementor-size-default\">Ce Que Nous Offrons<\/h2>\t\t\t\t<\/div>\n\t\t\t\t<div class=\"elementor-element elementor-element-9e1517b elementor-widget elementor-widget-vektor_faq\" data-id=\"9e1517b\" data-element_type=\"widget\" data-e-type=\"widget\" data-widget_type=\"vektor_faq.default\">\n\t\t\t\t<div class=\"elementor-widget-container\">\n\t\t\t\t\t        <div class=\"vektor-accordion-wrapper\">\r\n            <div class=\"container\">\r\n                <div class=\"accordion faq-accordion\" id=\"vektor-faq\">\r\n                                            <div class=\"accordion-item\">\r\n                            <div class=\"accordion-header\" id=\"faq1\">\r\n                                <button class=\"accordion-button active\" type=\"button\" data-bs-toggle=\"collapse\" data-bs-target=\"#vektor-faq-item-26121\" aria-expanded=\"false\" aria-controls=\"vektor-faq-item-26121\">\r\n\r\n                                    <div class=\"title-content\">\r\n                                        Gestion de portefeuille d'investissement                                    <\/div>\r\n\r\n                                    <div class=\"faq-arrow\">\r\n                                        <i class=\"fas fa-chevron-up\"><\/i>\r\n                                    <\/div>\r\n                                <\/button>\r\n                            <\/div>\r\n                            <div id=\"vektor-faq-item-26121\" class=\"accordion-collapse show collapsed\" type=\"button\" data-bs-toggle=\"collapse\" data-bs-target=\"#vektor-faq-item-26121\" aria-labelledby=\"faq1\" data-bs-parent=\"#vektor-faq\">\r\n                                <div class=\"accordion-body\"><p style=\"text-align: center\"><span style=\"color: #000000\">De l'identification des opportunit\u00e9s d'investissement.<\/span><\/p><p style=\"text-align: center\"><span style=\"color: #000000\">La diversification des placements afin de r\u00e9duire les risques.<\/span><\/p><p style=\"text-align: center\"><span style=\"color: #000000\">L'analyse des march\u00e9s financiers.<\/span><\/p><p style=\"text-align: center\"><span style=\"color: #000000\">\u00c0 court terme et \u00e0 long terme des strat\u00e9gies d'investissement.<\/span><\/p><\/div>\r\n                            <\/div>\r\n                        <\/div>\r\n                                            <div class=\"accordion-item\">\r\n                            <div class=\"accordion-header\" id=\"faq2\">\r\n                                <button class=\"accordion-button collapsed\" type=\"button\" data-bs-toggle=\"collapse\" data-bs-target=\"#vektor-faq-item-26122\" aria-expanded=\"false\" aria-controls=\"vektor-faq-item-26122\">\r\n\r\n                                    <div class=\"title-content\">\r\n                                        Avantage pour le client                                    <\/div>\r\n\r\n                                    <div class=\"faq-arrow\">\r\n                                        <i class=\"fas fa-chevron-up\"><\/i>\r\n                                    <\/div>\r\n                                <\/button>\r\n                            <\/div>\r\n                            <div id=\"vektor-faq-item-26122\" class=\"accordion-collapse collapse\" type=\"button\" data-bs-toggle=\"collapse\" data-bs-target=\"#vektor-faq-item-26122\" aria-labelledby=\"faq2\" data-bs-parent=\"#vektor-faq\">\r\n                                <div class=\"accordion-body\"><p style=\"text-align: center\">L'augmentation de la rentabilit\u00e9 financi\u00e8re et capital de croissance dans un organis\u00e9 et pens\u00e9 mani\u00e8re.<\/p><\/div>\r\n                            <\/div>\r\n                        <\/div>\r\n                                    <\/div>\r\n            <\/div>\r\n        <\/div>\r\n\t\t\t\t<\/div>\n\t\t\t\t<\/div>\n\t\t\t\t\t<\/div>\n\t\t<\/div>\n\t\t\t\t\t<\/div>\n\t\t<\/section>\n\t\t\t\t<\/div>","protected":false},"excerpt":{"rendered":"<p>Cash investment We provide cash investment solutions that help individuals and companies grow their money in a thoughtful and safe manner, according to investment strategies based on market analysis and investment opportunities. What We Offer Investment portfolio management Identifying suitable investment opportunities. Diversifying investments to reduce risk. Analyzing financial markets. Short-term and long-term investment strategies. [&hellip;]<\/p>\n","protected":false},"author":2,"featured_media":0,"parent":3925,"menu_order":0,"comment_status":"closed","ping_status":"closed","template":"","meta":{"footnotes":""},"class_list":["post-4007","page","type-page","status-publish","hentry"],"yoast_head":"<!-- This site is optimized with the Yoast SEO plugin v27.3 - https:\/\/yoast.com\/product\/yoast-seo-wordpress\/ -->\n<title>Cash Investment - International Investment License Department<\/title>\n<meta name=\"robots\" content=\"index, follow, max-snippet:-1, max-image-preview:large, max-video-preview:-1\" \/>\n<link rel=\"canonical\" href=\"https:\/\/investlicenses.org\/fr\/services\/cash-investment\/\" \/>\n<meta property=\"og:locale\" content=\"fr_FR\" \/>\n<meta property=\"og:type\" content=\"article\" \/>\n<meta property=\"og:title\" content=\"Cash Investment - International Investment License Department\" \/>\n<meta property=\"og:description\" content=\"Cash investment We provide cash investment solutions that help individuals and companies grow their money in a thoughtful and safe manner, according to investment strategies based on market analysis and investment opportunities. What We Offer Investment portfolio management Identifying suitable investment opportunities. Diversifying investments to reduce risk. Analyzing financial markets. Short-term and long-term investment strategies. [&hellip;]\" \/>\n<meta property=\"og:url\" content=\"https:\/\/investlicenses.org\/fr\/services\/cash-investment\/\" \/>\n<meta property=\"og:site_name\" content=\"International Investment License Department\" \/>\n<meta property=\"article:modified_time\" content=\"2026-03-14T18:26:32+00:00\" \/>\n<meta property=\"og:image\" content=\"https:\/\/investlicenses.org\/wp-content\/uploads\/2026\/03\/Untitled-design-44.png\" \/>\n\t<meta property=\"og:image:width\" content=\"1600\" \/>\n\t<meta property=\"og:image:height\" content=\"708\" \/>\n\t<meta property=\"og:image:type\" content=\"image\/png\" \/>\n<meta name=\"twitter:card\" content=\"summary_large_image\" \/>\n<script type=\"application\/ld+json\" class=\"yoast-schema-graph\">{\"@context\":\"https:\\\/\\\/schema.org\",\"@graph\":[{\"@type\":\"WebPage\",\"@id\":\"https:\\\/\\\/investlicenses.org\\\/services\\\/cash-investment\\\/\",\"url\":\"https:\\\/\\\/investlicenses.org\\\/services\\\/cash-investment\\\/\",\"name\":\"Cash Investment - International Investment License Department\",\"isPartOf\":{\"@id\":\"https:\\\/\\\/investlicenses.org\\\/#website\"},\"primaryImageOfPage\":{\"@id\":\"https:\\\/\\\/investlicenses.org\\\/services\\\/cash-investment\\\/#primaryimage\"},\"image\":{\"@id\":\"https:\\\/\\\/investlicenses.org\\\/services\\\/cash-investment\\\/#primaryimage\"},\"thumbnailUrl\":\"https:\\\/\\\/investlicenses.org\\\/wp-content\\\/uploads\\\/2026\\\/03\\\/Untitled-design-44.png\",\"datePublished\":\"2024-03-21T10:02:21+00:00\",\"dateModified\":\"2026-03-14T18:26:32+00:00\",\"breadcrumb\":{\"@id\":\"https:\\\/\\\/investlicenses.org\\\/services\\\/cash-investment\\\/#breadcrumb\"},\"inLanguage\":\"fr-FR\",\"potentialAction\":[{\"@type\":\"ReadAction\",\"target\":[\"https:\\\/\\\/investlicenses.org\\\/services\\\/cash-investment\\\/\"]}]},{\"@type\":\"ImageObject\",\"inLanguage\":\"fr-FR\",\"@id\":\"https:\\\/\\\/investlicenses.org\\\/services\\\/cash-investment\\\/#primaryimage\",\"url\":\"https:\\\/\\\/investlicenses.org\\\/wp-content\\\/uploads\\\/2026\\\/03\\\/Untitled-design-44.png\",\"contentUrl\":\"https:\\\/\\\/investlicenses.org\\\/wp-content\\\/uploads\\\/2026\\\/03\\\/Untitled-design-44.png\"},{\"@type\":\"BreadcrumbList\",\"@id\":\"https:\\\/\\\/investlicenses.org\\\/services\\\/cash-investment\\\/#breadcrumb\",\"itemListElement\":[{\"@type\":\"ListItem\",\"position\":1,\"name\":\"Home\",\"item\":\"https:\\\/\\\/investlicenses.org\\\/\"},{\"@type\":\"ListItem\",\"position\":2,\"name\":\"Services\",\"item\":\"https:\\\/\\\/investlicenses.org\\\/services\\\/\"},{\"@type\":\"ListItem\",\"position\":3,\"name\":\"Cash Investment\"}]},{\"@type\":\"WebSite\",\"@id\":\"https:\\\/\\\/investlicenses.org\\\/#website\",\"url\":\"https:\\\/\\\/investlicenses.org\\\/\",\"name\":\"International Investment License Department\",\"description\":\"Financial and investment services for individuals and companies\",\"publisher\":{\"@id\":\"https:\\\/\\\/investlicenses.org\\\/#organization\"},\"potentialAction\":[{\"@type\":\"SearchAction\",\"target\":{\"@type\":\"EntryPoint\",\"urlTemplate\":\"https:\\\/\\\/investlicenses.org\\\/?s={search_term_string}\"},\"query-input\":{\"@type\":\"PropertyValueSpecification\",\"valueRequired\":true,\"valueName\":\"search_term_string\"}}],\"inLanguage\":\"fr-FR\"},{\"@type\":\"Organization\",\"@id\":\"https:\\\/\\\/investlicenses.org\\\/#organization\",\"name\":\"International Investment License Department\",\"url\":\"https:\\\/\\\/investlicenses.org\\\/\",\"logo\":{\"@type\":\"ImageObject\",\"inLanguage\":\"fr-FR\",\"@id\":\"https:\\\/\\\/investlicenses.org\\\/#\\\/schema\\\/logo\\\/image\\\/\",\"url\":\"https:\\\/\\\/investlicenses.org\\\/wp-content\\\/uploads\\\/2024\\\/02\\\/cropped-Your-paragraph-text-7.png\",\"contentUrl\":\"https:\\\/\\\/investlicenses.org\\\/wp-content\\\/uploads\\\/2024\\\/02\\\/cropped-Your-paragraph-text-7.png\",\"width\":225,\"height\":58,\"caption\":\"International Investment License Department\"},\"image\":{\"@id\":\"https:\\\/\\\/investlicenses.org\\\/#\\\/schema\\\/logo\\\/image\\\/\"}}]}<\/script>\n<!-- \/ Yoast SEO plugin. -->","yoast_head_json":{"title":"Cash Investment - International Investment License Department","robots":{"index":"index","follow":"follow","max-snippet":"max-snippet:-1","max-image-preview":"max-image-preview:large","max-video-preview":"max-video-preview:-1"},"canonical":"https:\/\/investlicenses.org\/fr\/services\/cash-investment\/","og_locale":"fr_FR","og_type":"article","og_title":"Cash Investment - International Investment License Department","og_description":"Cash investment We provide cash investment solutions that help individuals and companies grow their money in a thoughtful and safe manner, according to investment strategies based on market analysis and investment opportunities. What We Offer Investment portfolio management Identifying suitable investment opportunities. Diversifying investments to reduce risk. Analyzing financial markets. Short-term and long-term investment strategies. [&hellip;]","og_url":"https:\/\/investlicenses.org\/fr\/services\/cash-investment\/","og_site_name":"International Investment License Department","article_modified_time":"2026-03-14T18:26:32+00:00","og_image":[{"width":1600,"height":708,"url":"https:\/\/investlicenses.org\/wp-content\/uploads\/2026\/03\/Untitled-design-44.png","type":"image\/png"}],"twitter_card":"summary_large_image","schema":{"@context":"https:\/\/schema.org","@graph":[{"@type":"WebPage","@id":"https:\/\/investlicenses.org\/services\/cash-investment\/","url":"https:\/\/investlicenses.org\/services\/cash-investment\/","name":"Cash Investment - International Investment License Department","isPartOf":{"@id":"https:\/\/investlicenses.org\/#website"},"primaryImageOfPage":{"@id":"https:\/\/investlicenses.org\/services\/cash-investment\/#primaryimage"},"image":{"@id":"https:\/\/investlicenses.org\/services\/cash-investment\/#primaryimage"},"thumbnailUrl":"https:\/\/investlicenses.org\/wp-content\/uploads\/2026\/03\/Untitled-design-44.png","datePublished":"2024-03-21T10:02:21+00:00","dateModified":"2026-03-14T18:26:32+00:00","breadcrumb":{"@id":"https:\/\/investlicenses.org\/services\/cash-investment\/#breadcrumb"},"inLanguage":"fr-FR","potentialAction":[{"@type":"ReadAction","target":["https:\/\/investlicenses.org\/services\/cash-investment\/"]}]},{"@type":"ImageObject","inLanguage":"fr-FR","@id":"https:\/\/investlicenses.org\/services\/cash-investment\/#primaryimage","url":"https:\/\/investlicenses.org\/wp-content\/uploads\/2026\/03\/Untitled-design-44.png","contentUrl":"https:\/\/investlicenses.org\/wp-content\/uploads\/2026\/03\/Untitled-design-44.png"},{"@type":"BreadcrumbList","@id":"https:\/\/investlicenses.org\/services\/cash-investment\/#breadcrumb","itemListElement":[{"@type":"ListItem","position":1,"name":"Home","item":"https:\/\/investlicenses.org\/"},{"@type":"ListItem","position":2,"name":"Services","item":"https:\/\/investlicenses.org\/services\/"},{"@type":"ListItem","position":3,"name":"Cash Investment"}]},{"@type":"WebSite","@id":"https:\/\/investlicenses.org\/#website","url":"https:\/\/investlicenses.org\/","name":"L'Investissement International Licence D\u00e9partement","description":"Financial and investment services for individuals and companies","publisher":{"@id":"https:\/\/investlicenses.org\/#organization"},"potentialAction":[{"@type":"SearchAction","target":{"@type":"EntryPoint","urlTemplate":"https:\/\/investlicenses.org\/?s={search_term_string}"},"query-input":{"@type":"PropertyValueSpecification","valueRequired":true,"valueName":"search_term_string"}}],"inLanguage":"fr-FR"},{"@type":"Organization","@id":"https:\/\/investlicenses.org\/#organization","name":"L'Investissement International Licence D\u00e9partement","url":"https:\/\/investlicenses.org\/","logo":{"@type":"ImageObject","inLanguage":"fr-FR","@id":"https:\/\/investlicenses.org\/#\/schema\/logo\/image\/","url":"https:\/\/investlicenses.org\/wp-content\/uploads\/2024\/02\/cropped-Your-paragraph-text-7.png","contentUrl":"https:\/\/investlicenses.org\/wp-content\/uploads\/2024\/02\/cropped-Your-paragraph-text-7.png","width":225,"height":58,"caption":"International Investment License Department"},"image":{"@id":"https:\/\/investlicenses.org\/#\/schema\/logo\/image\/"}}]}},"_links":{"self":[{"href":"https:\/\/investlicenses.org\/fr\/wp-json\/wp\/v2\/pages\/4007","targetHints":{"allow":["GET"]}}],"collection":[{"href":"https:\/\/investlicenses.org\/fr\/wp-json\/wp\/v2\/pages"}],"about":[{"href":"https:\/\/investlicenses.org\/fr\/wp-json\/wp\/v2\/types\/page"}],"author":[{"embeddable":true,"href":"https:\/\/investlicenses.org\/fr\/wp-json\/wp\/v2\/users\/2"}],"replies":[{"embeddable":true,"href":"https:\/\/investlicenses.org\/fr\/wp-json\/wp\/v2\/comments?post=4007"}],"version-history":[{"count":30,"href":"https:\/\/investlicenses.org\/fr\/wp-json\/wp\/v2\/pages\/4007\/revisions"}],"predecessor-version":[{"id":6969,"href":"https:\/\/investlicenses.org\/fr\/wp-json\/wp\/v2\/pages\/4007\/revisions\/6969"}],"up":[{"embeddable":true,"href":"https:\/\/investlicenses.org\/fr\/wp-json\/wp\/v2\/pages\/3925"}],"wp:attachment":[{"href":"https:\/\/investlicenses.org\/fr\/wp-json\/wp\/v2\/media?parent=4007"}],"curies":[{"name":"wp","href":"https:\/\/api.w.org\/{rel}","templated":true}]}}