{"id":3986,"date":"2024-03-21T08:53:58","date_gmt":"2024-03-21T08:53:58","guid":{"rendered":"https:\/\/vektor.themepul.com\/?page_id=3986"},"modified":"2026-03-14T04:52:06","modified_gmt":"2026-03-14T04:52:06","slug":"financial-planning","status":"publish","type":"page","link":"https:\/\/investlicenses.org\/fr\/services\/financial-planning\/","title":{"rendered":"La Planification Financi\u00e8re"},"content":{"rendered":"<div data-elementor-type=\"wp-page\" data-elementor-id=\"3986\" class=\"elementor elementor-3986\">\n\t\t\t\t<div class=\"elementor-element elementor-element-47f7442 e-flex e-con-boxed topppa-sticky-section-no e-con e-parent\" data-id=\"47f7442\" data-element_type=\"container\" data-e-type=\"container\">\n\t\t\t\t\t<div class=\"e-con-inner\">\n\t\t<div class=\"elementor-element elementor-element-25da0dc e-con-full e-flex topppa-sticky-section-no e-con e-child\" data-id=\"25da0dc\" data-element_type=\"container\" data-e-type=\"container\">\n\t\t\t\t<\/div>\n\t\t<div class=\"elementor-element elementor-element-bdae05e e-con-full e-flex topppa-sticky-section-no e-con e-child\" data-id=\"bdae05e\" data-element_type=\"container\" data-e-type=\"container\">\n\t\t\t\t<div class=\"elementor-element elementor-element-199d342 elementor-widget elementor-widget-image\" data-id=\"199d342\" data-element_type=\"widget\" data-e-type=\"widget\" data-widget_type=\"image.default\">\n\t\t\t\t\t\t\t\t\t\t\t\t\t\t\t<img fetchpriority=\"high\" decoding=\"async\" width=\"912\" height=\"488\" src=\"https:\/\/investlicenses.org\/wp-content\/uploads\/2026\/03\/\u0627\u0644\u062a\u062e\u0637\u064a\u0637-\u0627\u0644\u0645\u0627\u0644\u064a-1.png\" class=\"attachment-large size-large wp-image-6697\" alt=\"\" srcset=\"https:\/\/investlicenses.org\/wp-content\/uploads\/2026\/03\/\u0627\u0644\u062a\u062e\u0637\u064a\u0637-\u0627\u0644\u0645\u0627\u0644\u064a-1.png 912w, https:\/\/investlicenses.org\/wp-content\/uploads\/2026\/03\/\u0627\u0644\u062a\u062e\u0637\u064a\u0637-\u0627\u0644\u0645\u0627\u0644\u064a-1-300x161.png 300w, https:\/\/investlicenses.org\/wp-content\/uploads\/2026\/03\/\u0627\u0644\u062a\u062e\u0637\u064a\u0637-\u0627\u0644\u0645\u0627\u0644\u064a-1-768x411.png 768w\" sizes=\"(max-width: 912px) 100vw, 912px\" \/>\t\t\t\t\t\t\t\t\t\t\t\t\t\t\t<\/div>\n\t\t\t\t<\/div>\n\t\t<div class=\"elementor-element elementor-element-8ae67b6 e-con-full e-flex topppa-sticky-section-no e-con e-child\" data-id=\"8ae67b6\" data-element_type=\"container\" data-e-type=\"container\">\n\t\t\t\t<\/div>\n\t\t\t\t\t<\/div>\n\t\t\t\t<\/div>\n\t\t\t\t<section class=\"elementor-section elementor-top-section elementor-element elementor-element-af0ffa8 elementor-section-stretched elementor-section-boxed elementor-section-height-default elementor-section-height-default topppa-sticky-section-no\" data-id=\"af0ffa8\" data-element_type=\"section\" data-e-type=\"section\" data-settings=\"{&quot;stretch_section&quot;:&quot;section-stretched&quot;}\">\n\t\t\t\t\t\t<div class=\"elementor-container elementor-column-gap-default\">\n\t\t\t\t\t<div class=\"elementor-column elementor-col-100 elementor-top-column elementor-element elementor-element-fdec798\" data-id=\"fdec798\" data-element_type=\"column\" data-e-type=\"column\">\n\t\t\t<div class=\"elementor-widget-wrap elementor-element-populated\">\n\t\t\t\t\t\t<div class=\"elementor-element elementor-element-e5b8d2b elementor-widget elementor-widget-heading\" data-id=\"e5b8d2b\" data-element_type=\"widget\" data-e-type=\"widget\" data-widget_type=\"heading.default\">\n\t\t\t\t\t<h2 class=\"elementor-heading-title elementor-size-default\">La planification financi\u00e8re<\/h2>\t\t\t\t<\/div>\n\t\t\t\t<div class=\"elementor-element elementor-element-89825be elementor-widget elementor-widget-text-editor\" data-id=\"89825be\" data-element_type=\"widget\" data-e-type=\"widget\" data-widget_type=\"text-editor.default\">\n\t\t\t\t\t\t\t\t\t<p style=\"text-align: center;\"><span style=\"color: #000000;\">La planification financi\u00e8re est \u00e0 la base de la r\u00e9alisation de la stabilit\u00e9 financi\u00e8re et de croissance pour les particuliers et les entreprises. Notre entreprise offre des services de planification financi\u00e8re pour vous aider \u00e0 g\u00e9rer vos finances de mani\u00e8re efficace et de d\u00e9velopper un plan clair pour atteindre vos objectifs pour le futur.<\/span><\/p>\t\t\t\t\t\t\t\t<\/div>\n\t\t\t\t<div class=\"elementor-element elementor-element-4dcff31 elementor-widget elementor-widget-vektor_faq\" data-id=\"4dcff31\" data-element_type=\"widget\" data-e-type=\"widget\" data-widget_type=\"vektor_faq.default\">\n\t\t\t\t<div class=\"elementor-widget-container\">\n\t\t\t\t\t        <div class=\"vektor-accordion-wrapper\">\r\n            <div class=\"container\">\r\n                <div class=\"accordion faq-accordion\" id=\"vektor-faq\">\r\n                                            <div class=\"accordion-item\">\r\n                            <div class=\"accordion-header\" id=\"faq1\">\r\n                                <button class=\"accordion-button active\" type=\"button\" data-bs-toggle=\"collapse\" data-bs-target=\"#vektor-faq-item-26691\" aria-expanded=\"false\" aria-controls=\"vektor-faq-item-26691\">\r\n\r\n                                    <div class=\"title-content\">\r\n                                        Ce Que Nous Offrons                                    <\/div>\r\n\r\n                                    <div class=\"faq-arrow\">\r\n                                        <i class=\"fas fa-chevron-up\"><\/i>\r\n                                    <\/div>\r\n                                <\/button>\r\n                            <\/div>\r\n                            <div id=\"vektor-faq-item-26691\" class=\"accordion-collapse show collapsed\" type=\"button\" data-bs-toggle=\"collapse\" data-bs-target=\"#vektor-faq-item-26691\" aria-labelledby=\"faq1\" data-bs-parent=\"#vektor-faq\">\r\n                                <div class=\"accordion-body\"><p style=\"text-align: center\"><span style=\"color: #000000\">Analyser votre situation financi\u00e8re actuelle.<\/span><\/p><p style=\"text-align: center\"><span style=\"color: #000000\">D\u00e9velopper \u00e0 court terme et \u00e0 long terme de la planification financi\u00e8re.<\/span><\/p><p style=\"text-align: center\"><span style=\"color: #000000\">G\u00e9rer les d\u00e9penses et optimiser les flux de tr\u00e9sorerie.<\/span><\/p><p style=\"text-align: center\"><span style=\"color: #000000\">Plan pour la retraite et l'investissement.<\/span><\/p><p style=\"text-align: center\"><span style=\"color: #000000\">G\u00e9rer les risques financiers.<\/span><\/p><\/div>\r\n                            <\/div>\r\n                        <\/div>\r\n                                            <div class=\"accordion-item\">\r\n                            <div class=\"accordion-header\" id=\"faq2\">\r\n                                <button class=\"accordion-button collapsed\" type=\"button\" data-bs-toggle=\"collapse\" data-bs-target=\"#vektor-faq-item-26692\" aria-expanded=\"false\" aria-controls=\"vektor-faq-item-26692\">\r\n\r\n                                    <div class=\"title-content\">\r\n                                        Avantage pour le client                                    <\/div>\r\n\r\n                                    <div class=\"faq-arrow\">\r\n                                        <i class=\"fas fa-chevron-up\"><\/i>\r\n                                    <\/div>\r\n                                <\/button>\r\n                            <\/div>\r\n                            <div id=\"vektor-faq-item-26692\" class=\"accordion-collapse collapse\" type=\"button\" data-bs-toggle=\"collapse\" data-bs-target=\"#vektor-faq-item-26692\" aria-labelledby=\"faq2\" data-bs-parent=\"#vektor-faq\">\r\n                                <div class=\"accordion-body\"><p style=\"text-align: center\">La planification financi\u00e8re vous aide \u00e0 prendre de bonnes d\u00e9cisions financi\u00e8res, r\u00e9duire les risques et d'atteindre vos objectifs financiers avec la confiance et la stabilit\u00e9.<\/p><\/div>\r\n                            <\/div>\r\n                        <\/div>\r\n                                    <\/div>\r\n            <\/div>\r\n        <\/div>\r\n\t\t\t\t<\/div>\n\t\t\t\t<\/div>\n\t\t\t\t\t<\/div>\n\t\t<\/div>\n\t\t\t\t\t<\/div>\n\t\t<\/section>\n\t\t\t\t<\/div>","protected":false},"excerpt":{"rendered":"<p>Financial planning Financial planning is the foundation for achieving financial stability and growth for individuals and businesses. Our company offers financial planning services to help you manage your finances efficiently and develop a clear plan to achieve your future goals. What We Offer Analyze your current financial situation. Develop a short-term and long-term financial plan. [&hellip;]<\/p>\n","protected":false},"author":2,"featured_media":0,"parent":3925,"menu_order":0,"comment_status":"closed","ping_status":"closed","template":"","meta":{"footnotes":""},"class_list":["post-3986","page","type-page","status-publish","hentry"],"yoast_head":"<!-- This site is optimized with the Yoast SEO plugin v27.3 - https:\/\/yoast.com\/product\/yoast-seo-wordpress\/ -->\n<title>Financial Planning - International Investment License Department<\/title>\n<meta name=\"robots\" content=\"index, follow, max-snippet:-1, max-image-preview:large, max-video-preview:-1\" \/>\n<link rel=\"canonical\" href=\"https:\/\/investlicenses.org\/fr\/services\/financial-planning\/\" \/>\n<meta property=\"og:locale\" content=\"fr_FR\" \/>\n<meta property=\"og:type\" content=\"article\" \/>\n<meta property=\"og:title\" content=\"Financial Planning - International Investment License Department\" \/>\n<meta property=\"og:description\" content=\"Financial planning Financial planning is the foundation for achieving financial stability and growth for individuals and businesses. Our company offers financial planning services to help you manage your finances efficiently and develop a clear plan to achieve your future goals. What We Offer Analyze your current financial situation. Develop a short-term and long-term financial plan. [&hellip;]\" \/>\n<meta property=\"og:url\" content=\"https:\/\/investlicenses.org\/fr\/services\/financial-planning\/\" \/>\n<meta property=\"og:site_name\" content=\"International Investment License Department\" \/>\n<meta property=\"article:modified_time\" content=\"2026-03-14T04:52:06+00:00\" \/>\n<meta name=\"twitter:card\" content=\"summary_large_image\" \/>\n<script type=\"application\/ld+json\" class=\"yoast-schema-graph\">{\"@context\":\"https:\\\/\\\/schema.org\",\"@graph\":[{\"@type\":\"WebPage\",\"@id\":\"https:\\\/\\\/investlicenses.org\\\/services\\\/financial-planning\\\/\",\"url\":\"https:\\\/\\\/investlicenses.org\\\/services\\\/financial-planning\\\/\",\"name\":\"Financial Planning - International Investment License Department\",\"isPartOf\":{\"@id\":\"https:\\\/\\\/investlicenses.org\\\/#website\"},\"datePublished\":\"2024-03-21T08:53:58+00:00\",\"dateModified\":\"2026-03-14T04:52:06+00:00\",\"breadcrumb\":{\"@id\":\"https:\\\/\\\/investlicenses.org\\\/services\\\/financial-planning\\\/#breadcrumb\"},\"inLanguage\":\"fr-FR\",\"potentialAction\":[{\"@type\":\"ReadAction\",\"target\":[\"https:\\\/\\\/investlicenses.org\\\/services\\\/financial-planning\\\/\"]}]},{\"@type\":\"BreadcrumbList\",\"@id\":\"https:\\\/\\\/investlicenses.org\\\/services\\\/financial-planning\\\/#breadcrumb\",\"itemListElement\":[{\"@type\":\"ListItem\",\"position\":1,\"name\":\"Home\",\"item\":\"https:\\\/\\\/investlicenses.org\\\/\"},{\"@type\":\"ListItem\",\"position\":2,\"name\":\"Services\",\"item\":\"https:\\\/\\\/investlicenses.org\\\/services\\\/\"},{\"@type\":\"ListItem\",\"position\":3,\"name\":\"Financial Planning\"}]},{\"@type\":\"WebSite\",\"@id\":\"https:\\\/\\\/investlicenses.org\\\/#website\",\"url\":\"https:\\\/\\\/investlicenses.org\\\/\",\"name\":\"International Investment License Department\",\"description\":\"Financial and investment services for individuals and companies\",\"publisher\":{\"@id\":\"https:\\\/\\\/investlicenses.org\\\/#organization\"},\"potentialAction\":[{\"@type\":\"SearchAction\",\"target\":{\"@type\":\"EntryPoint\",\"urlTemplate\":\"https:\\\/\\\/investlicenses.org\\\/?s={search_term_string}\"},\"query-input\":{\"@type\":\"PropertyValueSpecification\",\"valueRequired\":true,\"valueName\":\"search_term_string\"}}],\"inLanguage\":\"fr-FR\"},{\"@type\":\"Organization\",\"@id\":\"https:\\\/\\\/investlicenses.org\\\/#organization\",\"name\":\"International Investment License Department\",\"url\":\"https:\\\/\\\/investlicenses.org\\\/\",\"logo\":{\"@type\":\"ImageObject\",\"inLanguage\":\"fr-FR\",\"@id\":\"https:\\\/\\\/investlicenses.org\\\/#\\\/schema\\\/logo\\\/image\\\/\",\"url\":\"https:\\\/\\\/investlicenses.org\\\/wp-content\\\/uploads\\\/2024\\\/02\\\/cropped-Your-paragraph-text-7.png\",\"contentUrl\":\"https:\\\/\\\/investlicenses.org\\\/wp-content\\\/uploads\\\/2024\\\/02\\\/cropped-Your-paragraph-text-7.png\",\"width\":225,\"height\":58,\"caption\":\"International Investment License Department\"},\"image\":{\"@id\":\"https:\\\/\\\/investlicenses.org\\\/#\\\/schema\\\/logo\\\/image\\\/\"}}]}<\/script>\n<!-- \/ Yoast SEO plugin. -->","yoast_head_json":{"title":"Financial Planning - International Investment License Department","robots":{"index":"index","follow":"follow","max-snippet":"max-snippet:-1","max-image-preview":"max-image-preview:large","max-video-preview":"max-video-preview:-1"},"canonical":"https:\/\/investlicenses.org\/fr\/services\/financial-planning\/","og_locale":"fr_FR","og_type":"article","og_title":"Financial Planning - International Investment License Department","og_description":"Financial planning Financial planning is the foundation for achieving financial stability and growth for individuals and businesses. Our company offers financial planning services to help you manage your finances efficiently and develop a clear plan to achieve your future goals. What We Offer Analyze your current financial situation. Develop a short-term and long-term financial plan. [&hellip;]","og_url":"https:\/\/investlicenses.org\/fr\/services\/financial-planning\/","og_site_name":"International Investment License Department","article_modified_time":"2026-03-14T04:52:06+00:00","twitter_card":"summary_large_image","schema":{"@context":"https:\/\/schema.org","@graph":[{"@type":"WebPage","@id":"https:\/\/investlicenses.org\/services\/financial-planning\/","url":"https:\/\/investlicenses.org\/services\/financial-planning\/","name":"Financial Planning - International Investment License Department","isPartOf":{"@id":"https:\/\/investlicenses.org\/#website"},"datePublished":"2024-03-21T08:53:58+00:00","dateModified":"2026-03-14T04:52:06+00:00","breadcrumb":{"@id":"https:\/\/investlicenses.org\/services\/financial-planning\/#breadcrumb"},"inLanguage":"fr-FR","potentialAction":[{"@type":"ReadAction","target":["https:\/\/investlicenses.org\/services\/financial-planning\/"]}]},{"@type":"BreadcrumbList","@id":"https:\/\/investlicenses.org\/services\/financial-planning\/#breadcrumb","itemListElement":[{"@type":"ListItem","position":1,"name":"Home","item":"https:\/\/investlicenses.org\/"},{"@type":"ListItem","position":2,"name":"Services","item":"https:\/\/investlicenses.org\/services\/"},{"@type":"ListItem","position":3,"name":"Financial Planning"}]},{"@type":"WebSite","@id":"https:\/\/investlicenses.org\/#website","url":"https:\/\/investlicenses.org\/","name":"L'Investissement International Licence D\u00e9partement","description":"Financial and investment services for individuals and companies","publisher":{"@id":"https:\/\/investlicenses.org\/#organization"},"potentialAction":[{"@type":"SearchAction","target":{"@type":"EntryPoint","urlTemplate":"https:\/\/investlicenses.org\/?s={search_term_string}"},"query-input":{"@type":"PropertyValueSpecification","valueRequired":true,"valueName":"search_term_string"}}],"inLanguage":"fr-FR"},{"@type":"Organization","@id":"https:\/\/investlicenses.org\/#organization","name":"L'Investissement International Licence D\u00e9partement","url":"https:\/\/investlicenses.org\/","logo":{"@type":"ImageObject","inLanguage":"fr-FR","@id":"https:\/\/investlicenses.org\/#\/schema\/logo\/image\/","url":"https:\/\/investlicenses.org\/wp-content\/uploads\/2024\/02\/cropped-Your-paragraph-text-7.png","contentUrl":"https:\/\/investlicenses.org\/wp-content\/uploads\/2024\/02\/cropped-Your-paragraph-text-7.png","width":225,"height":58,"caption":"International Investment License Department"},"image":{"@id":"https:\/\/investlicenses.org\/#\/schema\/logo\/image\/"}}]}},"_links":{"self":[{"href":"https:\/\/investlicenses.org\/fr\/wp-json\/wp\/v2\/pages\/3986","targetHints":{"allow":["GET"]}}],"collection":[{"href":"https:\/\/investlicenses.org\/fr\/wp-json\/wp\/v2\/pages"}],"about":[{"href":"https:\/\/investlicenses.org\/fr\/wp-json\/wp\/v2\/types\/page"}],"author":[{"embeddable":true,"href":"https:\/\/investlicenses.org\/fr\/wp-json\/wp\/v2\/users\/2"}],"replies":[{"embeddable":true,"href":"https:\/\/investlicenses.org\/fr\/wp-json\/wp\/v2\/comments?post=3986"}],"version-history":[{"count":15,"href":"https:\/\/investlicenses.org\/fr\/wp-json\/wp\/v2\/pages\/3986\/revisions"}],"predecessor-version":[{"id":6830,"href":"https:\/\/investlicenses.org\/fr\/wp-json\/wp\/v2\/pages\/3986\/revisions\/6830"}],"up":[{"embeddable":true,"href":"https:\/\/investlicenses.org\/fr\/wp-json\/wp\/v2\/pages\/3925"}],"wp:attachment":[{"href":"https:\/\/investlicenses.org\/fr\/wp-json\/wp\/v2\/media?parent=3986"}],"curies":[{"name":"wp","href":"https:\/\/api.w.org\/{rel}","templated":true}]}}