{"id":3712,"date":"2024-03-19T09:19:58","date_gmt":"2024-03-19T09:19:58","guid":{"rendered":"https:\/\/vektor.themepul.com\/?page_id=3712"},"modified":"2026-03-14T18:37:11","modified_gmt":"2026-03-14T18:37:11","slug":"about","status":"publish","type":"page","link":"https:\/\/investlicenses.org\/fr\/about\/","title":{"rendered":"\u00c0 propos de nous"},"content":{"rendered":"<div data-elementor-type=\"wp-page\" data-elementor-id=\"3712\" class=\"elementor elementor-3712\">\n\t\t\t\t\t\t<section class=\"elementor-section elementor-top-section elementor-element elementor-element-78b4cc1 elementor-section-full_width elementor-section-stretched elementor-section-height-default elementor-section-height-default topppa-sticky-section-no\" data-id=\"78b4cc1\" data-element_type=\"section\" data-e-type=\"section\" data-settings=\"{&quot;stretch_section&quot;:&quot;section-stretched&quot;,&quot;background_background&quot;:&quot;classic&quot;}\">\n\t\t\t\t\t\t<div class=\"elementor-container elementor-column-gap-default\">\n\t\t\t\t\t<div class=\"elementor-column elementor-col-100 elementor-top-column elementor-element elementor-element-0c7f7a1\" data-id=\"0c7f7a1\" data-element_type=\"column\" data-e-type=\"column\">\n\t\t\t<div class=\"elementor-widget-wrap elementor-element-populated\">\n\t\t\t\t\t\t<div class=\"elementor-element elementor-element-044ddf9 elementor-widget elementor-widget-vektor_section_box\" data-id=\"044ddf9\" data-element_type=\"widget\" data-e-type=\"widget\" data-widget_type=\"vektor_section_box.default\">\n\t\t\t\t<div class=\"elementor-widget-container\">\n\t\t\t\t\t        <div class=\"box-wrapper\">\r\n            <div class=\"section-box section-box1\"><\/div>\r\n            <div class=\"section-box section-box2\"><\/div>\r\n        <\/div>\r\n\t\t\t\t<\/div>\n\t\t\t\t<\/div>\n\t\t\t\t<section class=\"elementor-section elementor-inner-section elementor-element elementor-element-92476ae elementor-section-boxed elementor-section-height-default elementor-section-height-default topppa-sticky-section-no\" data-id=\"92476ae\" data-element_type=\"section\" data-e-type=\"section\">\n\t\t\t\t\t\t<div class=\"elementor-container elementor-column-gap-default\">\n\t\t\t\t\t<div class=\"elementor-column elementor-col-50 elementor-inner-column elementor-element elementor-element-2798377\" data-id=\"2798377\" data-element_type=\"column\" data-e-type=\"column\">\n\t\t\t<div class=\"elementor-widget-wrap elementor-element-populated\">\n\t\t\t\t\t\t<div class=\"elementor-element elementor-element-3b69791 elementor-widget elementor-widget-vektor_about_image\" data-id=\"3b69791\" data-element_type=\"widget\" data-e-type=\"widget\" data-widget_type=\"vektor_about_image.default\">\n\t\t\t\t<div class=\"elementor-widget-container\">\n\t\t\t\t\t\r\n        <script>\r\n\t\t\tjQuery(document).ready(function($) {\r\n\t\t\t\t \"use strict\";\r\n\t\t\t\t$(\".timer\").countTo();\r\n\t\t\t\t$(\".count-process\").appear(function() {\r\n\t\t\t\t    $(\".timer\").countTo();\r\n\t\t\t\t}, {\r\n\t\t\t\t    accY: -200\r\n\t\t\t\t});\r\n\t\t\t});\r\n\t\t<\/script>\r\n                <div class=\"about-image-wrapper\">\r\n            <div class=\"container\">\r\n                <div class=\"about-image-item\">\r\n                    <div class=\"about-img-box abbox1\"><\/div>\r\n                    <div class=\"about-img-box abbox2\"><\/div>\r\n\r\n                    \r\n                    \r\n                                            <div class=\"about-img-shape-three\"><\/div>\r\n                    \r\n                    <img fetchpriority=\"high\" decoding=\"async\" width=\"560\" height=\"580\" src=\"https:\/\/investlicenses.org\/wp-content\/uploads\/2026\/03\/Untitled-design-51.png\" class=\"attachment-full size-full\" alt=\"\" srcset=\"https:\/\/investlicenses.org\/wp-content\/uploads\/2026\/03\/Untitled-design-51.png 560w, https:\/\/investlicenses.org\/wp-content\/uploads\/2026\/03\/Untitled-design-51-290x300.png 290w\" sizes=\"(max-width: 560px) 100vw, 560px\" \/>\r\n                    \r\n                                                                \r\n                    \r\n                <\/div>\r\n            <\/div>\r\n        <\/div>\r\n\t\t\t\t<\/div>\n\t\t\t\t<\/div>\n\t\t\t\t\t<\/div>\n\t\t<\/div>\n\t\t\t\t<div class=\"elementor-column elementor-col-50 elementor-inner-column elementor-element elementor-element-5cc4016\" data-id=\"5cc4016\" data-element_type=\"column\" data-e-type=\"column\">\n\t\t\t<div class=\"elementor-widget-wrap elementor-element-populated\">\n\t\t\t\t\t\t<div class=\"elementor-element elementor-element-434ea79 elementor-widget elementor-widget-vektor_section_title\" data-id=\"434ea79\" data-element_type=\"widget\" data-e-type=\"widget\" data-widget_type=\"vektor_section_title.default\">\n\t\t\t\t<div class=\"elementor-widget-container\">\n\t\t\t\t\t\r\n        <div class=\"container\">\r\n            <div class=\"row\">\r\n                <div class=\"vektor-section-title-wrapper\">\r\n                    <div class=\"vektor-section-title-content\">\r\n\r\n                                                    \r\n                                <span class=\"section-small-title  section-subtitle-padding-left\">\r\n\r\n                                                                            <div class=\"section-stitle-line\"><\/div>\r\n                                    \r\n                                    \r\n                                    <div class=\"stitle-box\">Au Sujet De L'Entreprise<\/div>\r\n                                <\/span>\r\n                                                    \r\n                                                    <h2 class=\"vektor-section-title\">\r\n                                L'Investissement International Licence D\u00e9partement                            <\/h2>\r\n                        \r\n                                                                                    <div class=\"section-description\">\r\n                                    <span style=\"color: #000000\">Nous sommes une entreprise sp\u00e9cialis\u00e9e dans la fourniture de services financiers et de d\u00e9livrance de licences commerciales pour les particuliers et les entreprises. Nous op\u00e9rons en conformit\u00e9 avec les r\u00e8glements et les normes approuv\u00e9es par les autorit\u00e9s gouvernementales comp\u00e9tentes et des march\u00e9s financiers mondiaux.<\/span><span style=\"color: #000000\">Nous nous engageons \u00e0 appliquer les normes les plus \u00e9lev\u00e9es de transparence et de respect de la r\u00e9glementation, et nos services sont conformes aux exigences l\u00e9gales applicables dans les bourses internationales et des march\u00e9s financiers afin de nous assurer d'offrir des services fiables et s\u00e9curis\u00e9s services \u00e0 nos clients.<\/span>                                <\/div>\r\n                                                                        <\/div>\r\n                <\/div>\r\n            <\/div>\r\n        <\/div>\r\n\t\t\t\t<\/div>\n\t\t\t\t<\/div>\n\t\t\t\t<div class=\"elementor-element elementor-element-f49b59d elementor-widget elementor-widget-vektor_about_us\" data-id=\"f49b59d\" data-element_type=\"widget\" data-e-type=\"widget\" data-widget_type=\"vektor_about_us.default\">\n\t\t\t\t<div class=\"elementor-widget-container\">\n\t\t\t\t\t        <div class=\"vektor-about-wrapper\">\r\n            <div class=\"container\">\r\n                \r\n                <div class=\"about-info\">\r\n                    \r\n                                            <div class=\"about-button-wrapper\">\r\n                            <div class=\"vektor-about-botton\">\r\n                                <a href=\"https:\/\/investlicenses.org\/fr\/contact\/\" rel=\"nofollow\" class=\"theme-button\">\r\n                                    Envoyer Un Message                                    <div class=\"button-icon\">\r\n                                        <i aria-hidden=\"true\" class=\"far fa-arrow-right\"><\/i>                                    <\/div>\r\n                                <\/a>\r\n                            <\/div>\r\n                        <\/div>\r\n                                    <\/div>\r\n            <\/div>\r\n        <\/div>\r\n\t\t\t\t<\/div>\n\t\t\t\t<\/div>\n\t\t\t\t\t<\/div>\n\t\t<\/div>\n\t\t\t\t\t<\/div>\n\t\t<\/section>\n\t\t\t\t<div class=\"elementor-element elementor-element-29d4b41 elementor-widget elementor-widget-spacer\" data-id=\"29d4b41\" data-element_type=\"widget\" data-e-type=\"widget\" data-widget_type=\"spacer.default\">\n\t\t\t\t\t\t\t<div class=\"elementor-spacer\">\n\t\t\t<div class=\"elementor-spacer-inner\"><\/div>\n\t\t<\/div>\n\t\t\t\t\t\t<\/div>\n\t\t\t\t\t<\/div>\n\t\t<\/div>\n\t\t\t\t\t<\/div>\n\t\t<\/section>\n\t\t\t\t<section class=\"elementor-section elementor-top-section elementor-element elementor-element-7c27034 elementor-section-stretched elementor-section-boxed elementor-section-height-default elementor-section-height-default topppa-sticky-section-no\" data-id=\"7c27034\" data-element_type=\"section\" data-e-type=\"section\" data-settings=\"{&quot;stretch_section&quot;:&quot;section-stretched&quot;,&quot;background_background&quot;:&quot;classic&quot;}\">\n\t\t\t\t\t\t<div class=\"elementor-container elementor-column-gap-default\">\n\t\t\t\t\t<div class=\"elementor-column elementor-col-50 elementor-top-column elementor-element elementor-element-c37c741\" data-id=\"c37c741\" data-element_type=\"column\" data-e-type=\"column\">\n\t\t\t<div class=\"elementor-widget-wrap elementor-element-populated\">\n\t\t\t\t\t\t<div class=\"elementor-element elementor-element-afbe062 elementor-widget elementor-widget-vektor_section_title\" data-id=\"afbe062\" data-element_type=\"widget\" data-e-type=\"widget\" data-widget_type=\"vektor_section_title.default\">\n\t\t\t\t<div class=\"elementor-widget-container\">\n\t\t\t\t\t\r\n        <div class=\"container\">\r\n            <div class=\"row\">\r\n                <div class=\"vektor-section-title-wrapper\">\r\n                    <div class=\"vektor-section-title-content\">\r\n\r\n                                                    \r\n                                <span class=\"section-small-title  section-subtitle-padding-left\">\r\n\r\n                                                                            <div class=\"section-stitle-line\"><\/div>\r\n                                    \r\n                                    \r\n                                    <div class=\"stitle-box\">Sur<\/div>\r\n                                <\/span>\r\n                                                    \r\n                                                    <h2 class=\"vektor-section-title\">\r\n                                L'Investissement International Licence D\u00e9partement                            <\/h2>\r\n                        \r\n                                                                                    <div class=\"section-description\">\r\n                                    Nous sommes une soci\u00e9t\u00e9 sp\u00e9cialis\u00e9e dans les solutions financi\u00e8res et d'investissement services aux particuliers et entreprises. Nous nous effor\u00e7ons de donner \u00e0 nos clients \u00e0 atteindre leurs objectifs financiers gr\u00e2ce \u00e0 des solutions novatrices qui incluent la planification financi\u00e8re, d'investissement, de conseil financier, des pr\u00eats d'affaires, l'analyse des affaires et financier de la concession de licences.Nos services sont bas\u00e9s sur l'expertise professionnelle et l'analyse approfondie du march\u00e9 \u00e0 fournir des solutions financi\u00e8res qui aident nos clients \u00e0 atteindre la croissance et la stabilit\u00e9 financi\u00e8re.                                <\/div>\r\n                                                                        <\/div>\r\n                <\/div>\r\n            <\/div>\r\n        <\/div>\r\n\t\t\t\t<\/div>\n\t\t\t\t<\/div>\n\t\t\t\t<div class=\"elementor-element elementor-element-df8b4d4 elementor-widget elementor-widget-vektor_button\" data-id=\"df8b4d4\" data-element_type=\"widget\" data-e-type=\"widget\" data-widget_type=\"vektor_button.default\">\n\t\t\t\t<div class=\"elementor-widget-container\">\n\t\t\t\t\t\r\n        <div class=\"container\">\r\n                            <div class=\"first-button\">\r\n                                        <a href=\"https:\/\/investlicenses.org\/fr\/contact\/\" rel=\"nofollow\" class=\"theme-button\">\r\n                        <span>\r\n                            Envoyer Un Message                            <div class=\"button-icon\">\r\n                                <div class=\"main-icon\">\r\n                                    <i aria-hidden=\"true\" class=\"far fa-arrow-right\"><\/i>                                <\/div>\r\n                            <\/div>\r\n                        <\/span>\r\n                    <\/a>\r\n                <\/div>\r\n            \r\n                    <\/div>\r\n\r\n\r\n\t\t\t\t<\/div>\n\t\t\t\t<\/div>\n\t\t\t\t\t<\/div>\n\t\t<\/div>\n\t\t\t\t<div class=\"elementor-column elementor-col-50 elementor-top-column elementor-element elementor-element-26dbd6d\" data-id=\"26dbd6d\" data-element_type=\"column\" data-e-type=\"column\">\n\t\t\t<div class=\"elementor-widget-wrap elementor-element-populated\">\n\t\t\t\t\t\t<div class=\"elementor-element elementor-element-8227001 elementor-widget elementor-widget-image\" data-id=\"8227001\" data-element_type=\"widget\" data-e-type=\"widget\" data-widget_type=\"image.default\">\n\t\t\t\t\t\t\t\t\t\t\t\t\t\t\t<img decoding=\"async\" width=\"605\" height=\"450\" src=\"https:\/\/investlicenses.org\/wp-content\/uploads\/2026\/03\/Untitled-design-39.png\" class=\"attachment-full size-full wp-image-6888\" alt=\"\" srcset=\"https:\/\/investlicenses.org\/wp-content\/uploads\/2026\/03\/Untitled-design-39.png 605w, https:\/\/investlicenses.org\/wp-content\/uploads\/2026\/03\/Untitled-design-39-300x223.png 300w\" sizes=\"(max-width: 605px) 100vw, 605px\" \/>\t\t\t\t\t\t\t\t\t\t\t\t\t\t\t<\/div>\n\t\t\t\t\t<\/div>\n\t\t<\/div>\n\t\t\t\t\t<\/div>\n\t\t<\/section>\n\t\t\t\t<\/div>","protected":false},"excerpt":{"rendered":"<p>About Company International Investment License Department We are an organization specializing in providing financial services and issuing trading licenses to individuals and companies. We operate in accordance with the regulations and standards approved by the relevant government authorities and global financial markets.We are committed to applying the highest standards of transparency and regulatory compliance, and [&hellip;]<\/p>\n","protected":false},"author":2,"featured_media":0,"parent":0,"menu_order":0,"comment_status":"closed","ping_status":"closed","template":"","meta":{"footnotes":""},"class_list":["post-3712","page","type-page","status-publish","hentry"],"yoast_head":"<!-- This site is optimized with the Yoast SEO plugin v27.3 - https:\/\/yoast.com\/product\/yoast-seo-wordpress\/ -->\n<title>About us - International Investment License Department<\/title>\n<meta name=\"robots\" content=\"index, follow, max-snippet:-1, max-image-preview:large, max-video-preview:-1\" \/>\n<link rel=\"canonical\" href=\"https:\/\/investlicenses.org\/fr\/about\/\" \/>\n<meta property=\"og:locale\" content=\"fr_FR\" \/>\n<meta property=\"og:type\" content=\"article\" \/>\n<meta property=\"og:title\" content=\"About us - International Investment License Department\" \/>\n<meta property=\"og:description\" content=\"About Company International Investment License Department We are an organization specializing in providing financial services and issuing trading licenses to individuals and companies. We operate in accordance with the regulations and standards approved by the relevant government authorities and global financial markets.We are committed to applying the highest standards of transparency and regulatory compliance, and [&hellip;]\" \/>\n<meta property=\"og:url\" content=\"https:\/\/investlicenses.org\/fr\/about\/\" \/>\n<meta property=\"og:site_name\" content=\"International Investment License Department\" \/>\n<meta property=\"article:modified_time\" content=\"2026-03-14T18:37:11+00:00\" \/>\n<meta property=\"og:image\" content=\"https:\/\/investlicenses.org\/wp-content\/uploads\/2026\/03\/Untitled-design-51.png\" \/>\n<meta name=\"twitter:card\" content=\"summary_large_image\" \/>\n<meta name=\"twitter:label1\" content=\"Dur\u00e9e de lecture estim\u00e9e\" \/>\n\t<meta name=\"twitter:data1\" content=\"1 minute\" \/>\n<script type=\"application\/ld+json\" class=\"yoast-schema-graph\">{\"@context\":\"https:\\\/\\\/schema.org\",\"@graph\":[{\"@type\":\"WebPage\",\"@id\":\"https:\\\/\\\/investlicenses.org\\\/about\\\/\",\"url\":\"https:\\\/\\\/investlicenses.org\\\/about\\\/\",\"name\":\"About us - International Investment License Department\",\"isPartOf\":{\"@id\":\"https:\\\/\\\/investlicenses.org\\\/#website\"},\"primaryImageOfPage\":{\"@id\":\"https:\\\/\\\/investlicenses.org\\\/about\\\/#primaryimage\"},\"image\":{\"@id\":\"https:\\\/\\\/investlicenses.org\\\/about\\\/#primaryimage\"},\"thumbnailUrl\":\"https:\\\/\\\/investlicenses.org\\\/wp-content\\\/uploads\\\/2026\\\/03\\\/Untitled-design-51.png\",\"datePublished\":\"2024-03-19T09:19:58+00:00\",\"dateModified\":\"2026-03-14T18:37:11+00:00\",\"breadcrumb\":{\"@id\":\"https:\\\/\\\/investlicenses.org\\\/about\\\/#breadcrumb\"},\"inLanguage\":\"fr-FR\",\"potentialAction\":[{\"@type\":\"ReadAction\",\"target\":[\"https:\\\/\\\/investlicenses.org\\\/about\\\/\"]}]},{\"@type\":\"ImageObject\",\"inLanguage\":\"fr-FR\",\"@id\":\"https:\\\/\\\/investlicenses.org\\\/about\\\/#primaryimage\",\"url\":\"https:\\\/\\\/investlicenses.org\\\/wp-content\\\/uploads\\\/2026\\\/03\\\/Untitled-design-51.png\",\"contentUrl\":\"https:\\\/\\\/investlicenses.org\\\/wp-content\\\/uploads\\\/2026\\\/03\\\/Untitled-design-51.png\"},{\"@type\":\"BreadcrumbList\",\"@id\":\"https:\\\/\\\/investlicenses.org\\\/about\\\/#breadcrumb\",\"itemListElement\":[{\"@type\":\"ListItem\",\"position\":1,\"name\":\"Home\",\"item\":\"https:\\\/\\\/investlicenses.org\\\/\"},{\"@type\":\"ListItem\",\"position\":2,\"name\":\"About us\"}]},{\"@type\":\"WebSite\",\"@id\":\"https:\\\/\\\/investlicenses.org\\\/#website\",\"url\":\"https:\\\/\\\/investlicenses.org\\\/\",\"name\":\"International Investment License Department\",\"description\":\"Financial and investment services for individuals and companies\",\"publisher\":{\"@id\":\"https:\\\/\\\/investlicenses.org\\\/#organization\"},\"potentialAction\":[{\"@type\":\"SearchAction\",\"target\":{\"@type\":\"EntryPoint\",\"urlTemplate\":\"https:\\\/\\\/investlicenses.org\\\/?s={search_term_string}\"},\"query-input\":{\"@type\":\"PropertyValueSpecification\",\"valueRequired\":true,\"valueName\":\"search_term_string\"}}],\"inLanguage\":\"fr-FR\"},{\"@type\":\"Organization\",\"@id\":\"https:\\\/\\\/investlicenses.org\\\/#organization\",\"name\":\"International Investment License Department\",\"url\":\"https:\\\/\\\/investlicenses.org\\\/\",\"logo\":{\"@type\":\"ImageObject\",\"inLanguage\":\"fr-FR\",\"@id\":\"https:\\\/\\\/investlicenses.org\\\/#\\\/schema\\\/logo\\\/image\\\/\",\"url\":\"https:\\\/\\\/investlicenses.org\\\/wp-content\\\/uploads\\\/2024\\\/02\\\/cropped-Your-paragraph-text-7.png\",\"contentUrl\":\"https:\\\/\\\/investlicenses.org\\\/wp-content\\\/uploads\\\/2024\\\/02\\\/cropped-Your-paragraph-text-7.png\",\"width\":225,\"height\":58,\"caption\":\"International Investment License Department\"},\"image\":{\"@id\":\"https:\\\/\\\/investlicenses.org\\\/#\\\/schema\\\/logo\\\/image\\\/\"}}]}<\/script>\n<!-- \/ Yoast SEO plugin. -->","yoast_head_json":{"title":"About us - International Investment License Department","robots":{"index":"index","follow":"follow","max-snippet":"max-snippet:-1","max-image-preview":"max-image-preview:large","max-video-preview":"max-video-preview:-1"},"canonical":"https:\/\/investlicenses.org\/fr\/about\/","og_locale":"fr_FR","og_type":"article","og_title":"About us - International Investment License Department","og_description":"About Company International Investment License Department We are an organization specializing in providing financial services and issuing trading licenses to individuals and companies. We operate in accordance with the regulations and standards approved by the relevant government authorities and global financial markets.We are committed to applying the highest standards of transparency and regulatory compliance, and [&hellip;]","og_url":"https:\/\/investlicenses.org\/fr\/about\/","og_site_name":"International Investment License Department","article_modified_time":"2026-03-14T18:37:11+00:00","og_image":[{"url":"https:\/\/investlicenses.org\/wp-content\/uploads\/2026\/03\/Untitled-design-51.png","type":"","width":"","height":""}],"twitter_card":"summary_large_image","twitter_misc":{"Dur\u00e9e de lecture estim\u00e9e":"1 minute"},"schema":{"@context":"https:\/\/schema.org","@graph":[{"@type":"WebPage","@id":"https:\/\/investlicenses.org\/about\/","url":"https:\/\/investlicenses.org\/about\/","name":"About us - International Investment License Department","isPartOf":{"@id":"https:\/\/investlicenses.org\/#website"},"primaryImageOfPage":{"@id":"https:\/\/investlicenses.org\/about\/#primaryimage"},"image":{"@id":"https:\/\/investlicenses.org\/about\/#primaryimage"},"thumbnailUrl":"https:\/\/investlicenses.org\/wp-content\/uploads\/2026\/03\/Untitled-design-51.png","datePublished":"2024-03-19T09:19:58+00:00","dateModified":"2026-03-14T18:37:11+00:00","breadcrumb":{"@id":"https:\/\/investlicenses.org\/about\/#breadcrumb"},"inLanguage":"fr-FR","potentialAction":[{"@type":"ReadAction","target":["https:\/\/investlicenses.org\/about\/"]}]},{"@type":"ImageObject","inLanguage":"fr-FR","@id":"https:\/\/investlicenses.org\/about\/#primaryimage","url":"https:\/\/investlicenses.org\/wp-content\/uploads\/2026\/03\/Untitled-design-51.png","contentUrl":"https:\/\/investlicenses.org\/wp-content\/uploads\/2026\/03\/Untitled-design-51.png"},{"@type":"BreadcrumbList","@id":"https:\/\/investlicenses.org\/about\/#breadcrumb","itemListElement":[{"@type":"ListItem","position":1,"name":"Home","item":"https:\/\/investlicenses.org\/"},{"@type":"ListItem","position":2,"name":"About us"}]},{"@type":"WebSite","@id":"https:\/\/investlicenses.org\/#website","url":"https:\/\/investlicenses.org\/","name":"L'Investissement International Licence D\u00e9partement","description":"Financial and investment services for individuals and companies","publisher":{"@id":"https:\/\/investlicenses.org\/#organization"},"potentialAction":[{"@type":"SearchAction","target":{"@type":"EntryPoint","urlTemplate":"https:\/\/investlicenses.org\/?s={search_term_string}"},"query-input":{"@type":"PropertyValueSpecification","valueRequired":true,"valueName":"search_term_string"}}],"inLanguage":"fr-FR"},{"@type":"Organization","@id":"https:\/\/investlicenses.org\/#organization","name":"L'Investissement International Licence D\u00e9partement","url":"https:\/\/investlicenses.org\/","logo":{"@type":"ImageObject","inLanguage":"fr-FR","@id":"https:\/\/investlicenses.org\/#\/schema\/logo\/image\/","url":"https:\/\/investlicenses.org\/wp-content\/uploads\/2024\/02\/cropped-Your-paragraph-text-7.png","contentUrl":"https:\/\/investlicenses.org\/wp-content\/uploads\/2024\/02\/cropped-Your-paragraph-text-7.png","width":225,"height":58,"caption":"International Investment License Department"},"image":{"@id":"https:\/\/investlicenses.org\/#\/schema\/logo\/image\/"}}]}},"_links":{"self":[{"href":"https:\/\/investlicenses.org\/fr\/wp-json\/wp\/v2\/pages\/3712","targetHints":{"allow":["GET"]}}],"collection":[{"href":"https:\/\/investlicenses.org\/fr\/wp-json\/wp\/v2\/pages"}],"about":[{"href":"https:\/\/investlicenses.org\/fr\/wp-json\/wp\/v2\/types\/page"}],"author":[{"embeddable":true,"href":"https:\/\/investlicenses.org\/fr\/wp-json\/wp\/v2\/users\/2"}],"replies":[{"embeddable":true,"href":"https:\/\/investlicenses.org\/fr\/wp-json\/wp\/v2\/comments?post=3712"}],"version-history":[{"count":24,"href":"https:\/\/investlicenses.org\/fr\/wp-json\/wp\/v2\/pages\/3712\/revisions"}],"predecessor-version":[{"id":6989,"href":"https:\/\/investlicenses.org\/fr\/wp-json\/wp\/v2\/pages\/3712\/revisions\/6989"}],"wp:attachment":[{"href":"https:\/\/investlicenses.org\/fr\/wp-json\/wp\/v2\/media?parent=3712"}],"curies":[{"name":"wp","href":"https:\/\/api.w.org\/{rel}","templated":true}]}}